{"id":4409158,"date":"2025-10-21T14:21:15","date_gmt":"2025-10-21T12:21:15","guid":{"rendered":"https:\/\/revista.enmodoflamenco.com\/?page_id=4409158"},"modified":"2025-10-21T14:31:15","modified_gmt":"2025-10-21T12:31:15","slug":"humor-2","status":"publish","type":"page","link":"https:\/\/revista.enmodoflamenco.com\/en\/humor-2\/","title":{"rendered":"HUMOR"},"content":{"rendered":"<p>[et_pb_section fb_built=\u00bb1&#8243; admin_label=\u00bbTeam\u00bb _builder_version=\u00bb4.27.4&#8243; transform_translate=\u00bb-1px|78px\u00bb transform_translate_linked=\u00bboff\u00bb custom_margin=\u00bb-80px||-36px|||\u00bb custom_padding=\u00bb54px|0px|0|0px|false|false\u00bb scroll_scaling_enable=\u00bbon\u00bb global_colors_info=\u00bb{}\u00bb][et_pb_row padding_top_bottom_link_1=\u00bbtrue\u00bb _builder_version=\u00bb4.27.4&#8243; min_height=\u00bb608.9px\u00bb custom_padding=\u00bb0|0px|0|0px|false|false\u00bb hover_enabled=\u00bb0&#8243; global_colors_info=\u00bb{}\u00bb sticky_enabled=\u00bb0&#8243;][et_pb_column _builder_version=\u00bb4.27.4&#8243; _module_preset=\u00bbdefault\u00bb type=\u00bb4_4&#8243;][et_pb_text _builder_version=\u00bb4.27.4&#8243; text_font=\u00bb||||||||\u00bb text_font_size=\u00bb16px\u00bb text_line_height=\u00bb1.8em\u00bb header_font=\u00bbAboreto|700|||||||\u00bb header_font_size=\u00bb63px\u00bb header_line_height=\u00bb1.5em\u00bb header_3_font=\u00bbLato|700||on|||||\u00bb header_3_text_color=\u00bb#3550a0&#8243; header_3_font_size=\u00bb20px\u00bb header_3_line_height=\u00bb1.5em\u00bb width=\u00bb100%\u00bb width_tablet=\u00bb100%\u00bb width_phone=\u00bb77%\u00bb width_last_edited=\u00bbon|phone\u00bb custom_margin=\u00bb|164px||||\u00bb hover_enabled=\u00bb0&#8243; header_font_size_tablet=\u00bb50px\u00bb header_font_size_phone=\u00bb18px\u00bb header_font_size_last_edited=\u00bbon|tablet\u00bb header_3_font_size_tablet=\u00bb50px\u00bb header_3_font_size_phone=\u00bb32px\u00bb header_3_font_size_last_edited=\u00bboff|desktop\u00bb module_alignment_tablet=\u00bb\u00bb module_alignment_phone=\u00bbcenter\u00bb module_alignment_last_edited=\u00bbon|tablet\u00bb locked=\u00bboff\u00bb global_colors_info=\u00bb{}\u00bb text_text_color=\u00bb#606060&#8243; sticky_enabled=\u00bb0&#8243;]<\/p>\n<h1>PARA REIR<\/h1>\n<h3><span style=\"color: rgba(51, 115, 155, 0.59);\">PERO TAMBI\u00c9N APRENDER\u00c1S COSAS NUEVAS<\/span><em><strong><\/strong><\/em><\/h3>\n<p>Porque re\u00edr tambi\u00e9n ense\u00f1a, aqu\u00ed descubrir\u00e1s curiosidades del flamenco y del folclore, datos locos de nuestra cultura y peque\u00f1os secretos que no sab\u00edas\u2026 todo explicado con humor, para aprender sin darte cuenta.a<\/p>\n<p>&nbsp;<\/p>\n<p>[\/et_pb_text][et_pb_button button_url=\u00bbhttps:\/\/revista.enmodoflamenco.com\/contacto-2\/\u00bb url_new_window=\u00bbon\u00bb button_text=\u00bbRecibe novedades\u00bb button_alignment=\u00bbcenter\u00bb _builder_version=\u00bb4.27.4&#8243; custom_button=\u00bbon\u00bb button_text_size=\u00bb16px\u00bb button_text_color=\u00bb#FFFFFF\u00bb button_bg_color=\u00bbrgba(16,120,168,0.82)\u00bb button_border_width=\u00bb10px\u00bb button_border_color=\u00bbrgba(210,159,104,0)\u00bb button_border_radius=\u00bb100px\u00bb button_font=\u00bb&#8211;et_global_body_font|100|||||||\u00bb button_use_icon=\u00bboff\u00bb transform_scale_tablet=\u00bb\u00bb transform_scale_phone=\u00bb\u00bb transform_scale_last_edited=\u00bbon|phone\u00bb transform_translate=\u00bb-55px|-43px\u00bb transform_translate_tablet=\u00bb-55px|-43px\u00bb transform_translate_phone=\u00bb-78px|-47px\u00bb transform_translate_last_edited=\u00bbon|phone\u00bb transform_translate_linked_phone=\u00bboff\u00bb transform_rotate_tablet=\u00bb\u00bb transform_rotate_phone=\u00bb\u00bb transform_rotate_last_edited=\u00bbon|phone\u00bb transform_skew_tablet=\u00bb\u00bb transform_skew_phone=\u00bb\u00bb transform_skew_last_edited=\u00bbon|phone\u00bb transform_origin_tablet=\u00bb\u00bb transform_origin_phone=\u00bb\u00bb transform_origin_last_edited=\u00bbon|phone\u00bb transform_styles_last_edited=\u00bbon|phone\u00bb custom_margin=\u00bb||64px|||\u00bb button_text_size_tablet=\u00bb16px\u00bb button_text_size_phone=\u00bb10px\u00bb button_text_size_last_edited=\u00bbon|phone\u00bb transform_styles_tablet=\u00bb\u00bb transform_styles_phone=\u00bb\u00bb button_bg_color_hover=\u00bb#4159a0&#8243; locked=\u00bboff\u00bb global_colors_info=\u00bb{}\u00bb button_text_size__hover_enabled=\u00bboff\u00bb button_one_text_size__hover_enabled=\u00bboff\u00bb button_two_text_size__hover_enabled=\u00bboff\u00bb button_text_color__hover_enabled=\u00bboff\u00bb button_one_text_color__hover_enabled=\u00bboff\u00bb button_two_text_color__hover_enabled=\u00bboff\u00bb button_border_width__hover_enabled=\u00bboff\u00bb button_one_border_width__hover_enabled=\u00bboff\u00bb button_two_border_width__hover_enabled=\u00bboff\u00bb button_border_color__hover_enabled=\u00bboff\u00bb button_one_border_color__hover_enabled=\u00bboff\u00bb button_two_border_color__hover_enabled=\u00bboff\u00bb button_border_radius__hover_enabled=\u00bboff\u00bb button_one_border_radius__hover_enabled=\u00bboff\u00bb button_two_border_radius__hover_enabled=\u00bboff\u00bb button_letter_spacing__hover_enabled=\u00bboff\u00bb button_one_letter_spacing__hover_enabled=\u00bboff\u00bb button_two_letter_spacing__hover_enabled=\u00bboff\u00bb button_bg_color__hover_enabled=\u00bbon\u00bb button_bg_color__hover=\u00bb#4159a0&#8243; button_one_bg_color__hover_enabled=\u00bboff\u00bb button_two_bg_color__hover_enabled=\u00bboff\u00bb]<\/p>\n<h1>About Anthony<\/h1>\n<h3>Business CoacH<\/h3>\n<p>Lorem ipsum dolor sit amet, consectetur adipiscing elit, sed do eiusmod tempor incididunt ut labore et dolore magna aliqua. Ut enim ad minim veniam. Lorem ipsum dolor sit amet, cons<\/p>\n<p>[\/et_pb_button][et_pb_text _builder_version=\u00bb4.27.4&#8243; _module_preset=\u00bbdefault\u00bb text_font=\u00bbAlatsi||||||||\u00bb text_text_color=\u00bb#0C71C3&#8243; text_font_size=\u00bb12px\u00bb transform_translate=\u00bb184px|-71px\u00bb global_colors_info=\u00bb{}\u00bb][\/et_pb_text][\/et_pb_column][\/et_pb_row][\/et_pb_section][et_pb_section fb_built=\u00bb1&#8243; _builder_version=\u00bb4.27.4&#8243; _module_preset=\u00bbdefault\u00bb transform_translate=\u00bb0px|-72px\u00bb transform_translate_linked=\u00bboff\u00bb custom_margin=\u00bb-120px|||||\u00bb global_colors_info=\u00bb{}\u00bb][et_pb_row _builder_version=\u00bb4.27.4&#8243; _module_preset=\u00bbdefault\u00bb global_colors_info=\u00bb{}\u00bb][et_pb_column type=\u00bb4_4&#8243; _builder_version=\u00bb4.27.4&#8243; _module_preset=\u00bbdefault\u00bb global_colors_info=\u00bb{}\u00bb][et_pb_blog_extras use_category_filterable_blog=\u00bbon\u00bb posts_number=\u00bb4&#8243; include_categories=\u00bb179,180&#8243; blog_layout=\u00bbclassic\u00bb excerpt_length=\u00bb35&#8243; use_read_more_button=\u00bbon\u00bb content_color=\u00bb#020202&#8243; _builder_version=\u00bb4.27.4&#8243; _module_preset=\u00bbdefault\u00bb filterable_category_font=\u00bb|600|||||||\u00bb filterable_category_text_color=\u00bb#1688aa\u00bb filterable_category_font_size=\u00bb13px\u00bb header_text_color=\u00bb#020202&#8243; body_font=\u00bb&#8211;et_global_body_font||||||||\u00bb body_text_color=\u00bb#565656&#8243; body_font_size=\u00bb17px\u00bb custom_read_more=\u00bbon\u00bb read_more_text_size=\u00bb15px\u00bb read_more_text_color=\u00bb#009baf\u00bb read_more_border_radius=\u00bb12px\u00bb global_colors_info=\u00bb{}\u00bb][\/et_pb_blog_extras][\/et_pb_column][\/et_pb_row][\/et_pb_section]<\/p>\n","protected":false},"excerpt":{"rendered":"<p>PARA REIR PERO TAMBI\u00c9N APRENDER\u00c1S COSAS NUEVAS Porque re\u00edr tambi\u00e9n ense\u00f1a, aqu\u00ed descubrir\u00e1s curiosidades del flamenco y del folclore, datos locos de nuestra cultura y peque\u00f1os secretos que no sab\u00edas\u2026 todo explicado con humor, para aprender sin darte cuenta.a &nbsp;About Anthony Business CoacH Lorem ipsum dolor sit amet, consectetur adipiscing elit, sed do eiusmod tempor incididunt ut labore et dolore magna aliqua. Ut enim ad minim veniam. Lorem ipsum dolor sit amet, cons<\/p>","protected":false},"author":1,"featured_media":0,"parent":0,"menu_order":0,"comment_status":"closed","ping_status":"closed","template":"","meta":{"_acf_changed":false,"_et_pb_use_builder":"on","_et_pb_old_content":"","_et_gb_content_width":"1280","footnotes":""},"class_list":["post-4409158","page","type-page","status-publish","hentry"],"acf":[],"yoast_head":"<!-- This site is optimized with the Yoast SEO plugin v27.4 - https:\/\/yoast.com\/product\/yoast-seo-wordpress\/ -->\n<title>HUMOR - En modo flamenco<\/title>\n<meta name=\"robots\" content=\"index, follow, max-snippet:-1, max-image-preview:large, max-video-preview:-1\" \/>\n<link rel=\"canonical\" href=\"https:\/\/revista.enmodoflamenco.com\/en\/humor-2\/\" \/>\n<meta property=\"og:locale\" content=\"en_US\" \/>\n<meta property=\"og:type\" content=\"article\" \/>\n<meta property=\"og:title\" content=\"HUMOR - En modo flamenco\" \/>\n<meta property=\"og:description\" content=\"Your content goes here\" \/>\n<meta property=\"og:url\" content=\"https:\/\/revista.enmodoflamenco.com\/en\/humor-2\/\" \/>\n<meta property=\"og:site_name\" content=\"En modo flamenco\" \/>\n<meta property=\"article:publisher\" content=\"https:\/\/www.facebook.com\/revista.enmodoflamenco\/\" \/>\n<meta property=\"article:modified_time\" content=\"2025-10-21T12:31:15+00:00\" \/>\n<meta name=\"twitter:card\" content=\"summary_large_image\" \/>\n<meta name=\"twitter:label1\" content=\"Est. reading time\" \/>\n\t<meta name=\"twitter:data1\" content=\"1 minute\" \/>\n<script type=\"application\/ld+json\" class=\"yoast-schema-graph\">{\"@context\":\"https:\\\/\\\/schema.org\",\"@graph\":[{\"@type\":\"WebPage\",\"@id\":\"https:\\\/\\\/revista.enmodoflamenco.com\\\/humor-2\\\/\",\"url\":\"https:\\\/\\\/revista.enmodoflamenco.com\\\/humor-2\\\/\",\"name\":\"HUMOR - En modo flamenco\",\"isPartOf\":{\"@id\":\"https:\\\/\\\/revista.enmodoflamenco.com\\\/#website\"},\"datePublished\":\"2025-10-21T12:21:15+00:00\",\"dateModified\":\"2025-10-21T12:31:15+00:00\",\"breadcrumb\":{\"@id\":\"https:\\\/\\\/revista.enmodoflamenco.com\\\/humor-2\\\/#breadcrumb\"},\"inLanguage\":\"en-US\",\"potentialAction\":[{\"@type\":\"ReadAction\",\"target\":[\"https:\\\/\\\/revista.enmodoflamenco.com\\\/humor-2\\\/\"]}]},{\"@type\":\"BreadcrumbList\",\"@id\":\"https:\\\/\\\/revista.enmodoflamenco.com\\\/humor-2\\\/#breadcrumb\",\"itemListElement\":[{\"@type\":\"ListItem\",\"position\":1,\"name\":\"Zona privada\",\"item\":\"https:\\\/\\\/revista.enmodoflamenco.com\\\/\"},{\"@type\":\"ListItem\",\"position\":2,\"name\":\"HUMOR\"}]},{\"@type\":\"WebSite\",\"@id\":\"https:\\\/\\\/revista.enmodoflamenco.com\\\/#website\",\"url\":\"https:\\\/\\\/revista.enmodoflamenco.com\\\/\",\"name\":\"revista.enmodoflamenco.com\",\"description\":\"Revista digital de actualidad y alta divulgaci\u00f3n de flamenco\",\"publisher\":{\"@id\":\"https:\\\/\\\/revista.enmodoflamenco.com\\\/#organization\"},\"alternateName\":\"revistaenmodoflamenco.com\",\"potentialAction\":[{\"@type\":\"SearchAction\",\"target\":{\"@type\":\"EntryPoint\",\"urlTemplate\":\"https:\\\/\\\/revista.enmodoflamenco.com\\\/?s={search_term_string}\"},\"query-input\":{\"@type\":\"PropertyValueSpecification\",\"valueRequired\":true,\"valueName\":\"search_term_string\"}}],\"inLanguage\":\"en-US\"},{\"@type\":\"Organization\",\"@id\":\"https:\\\/\\\/revista.enmodoflamenco.com\\\/#organization\",\"name\":\"revista.enmodoflamenco.com\",\"alternateName\":\"revistaenmodoflameco.com\",\"url\":\"https:\\\/\\\/revista.enmodoflamenco.com\\\/\",\"logo\":{\"@type\":\"ImageObject\",\"inLanguage\":\"en-US\",\"@id\":\"https:\\\/\\\/revista.enmodoflamenco.com\\\/#\\\/schema\\\/logo\\\/image\\\/\",\"url\":\"https:\\\/\\\/revista.enmodoflamenco.com\\\/wp-content\\\/uploads\\\/2024\\\/11\\\/En-modo-flamenco-02-scaled.jpg\",\"contentUrl\":\"https:\\\/\\\/revista.enmodoflamenco.com\\\/wp-content\\\/uploads\\\/2024\\\/11\\\/En-modo-flamenco-02-scaled.jpg\",\"width\":2560,\"height\":2560,\"caption\":\"revista.enmodoflamenco.com\"},\"image\":{\"@id\":\"https:\\\/\\\/revista.enmodoflamenco.com\\\/#\\\/schema\\\/logo\\\/image\\\/\"},\"sameAs\":[\"https:\\\/\\\/www.facebook.com\\\/revista.enmodoflamenco\\\/\",\"https:\\\/\\\/www.youtube.com\\\/@enmodoflamenco\"]}]}<\/script>\n<!-- \/ Yoast SEO plugin. -->","yoast_head_json":{"title":"HUMOR - En modo flamenco","robots":{"index":"index","follow":"follow","max-snippet":"max-snippet:-1","max-image-preview":"max-image-preview:large","max-video-preview":"max-video-preview:-1"},"canonical":"https:\/\/revista.enmodoflamenco.com\/en\/humor-2\/","og_locale":"en_US","og_type":"article","og_title":"HUMOR - En modo flamenco","og_description":"Your content goes here","og_url":"https:\/\/revista.enmodoflamenco.com\/en\/humor-2\/","og_site_name":"En modo flamenco","article_publisher":"https:\/\/www.facebook.com\/revista.enmodoflamenco\/","article_modified_time":"2025-10-21T12:31:15+00:00","twitter_card":"summary_large_image","twitter_misc":{"Est. reading time":"1 minute"},"schema":{"@context":"https:\/\/schema.org","@graph":[{"@type":"WebPage","@id":"https:\/\/revista.enmodoflamenco.com\/humor-2\/","url":"https:\/\/revista.enmodoflamenco.com\/humor-2\/","name":"HUMOR - En modo flamenco","isPartOf":{"@id":"https:\/\/revista.enmodoflamenco.com\/#website"},"datePublished":"2025-10-21T12:21:15+00:00","dateModified":"2025-10-21T12:31:15+00:00","breadcrumb":{"@id":"https:\/\/revista.enmodoflamenco.com\/humor-2\/#breadcrumb"},"inLanguage":"en-US","potentialAction":[{"@type":"ReadAction","target":["https:\/\/revista.enmodoflamenco.com\/humor-2\/"]}]},{"@type":"BreadcrumbList","@id":"https:\/\/revista.enmodoflamenco.com\/humor-2\/#breadcrumb","itemListElement":[{"@type":"ListItem","position":1,"name":"Zona privada","item":"https:\/\/revista.enmodoflamenco.com\/"},{"@type":"ListItem","position":2,"name":"HUMOR"}]},{"@type":"WebSite","@id":"https:\/\/revista.enmodoflamenco.com\/#website","url":"https:\/\/revista.enmodoflamenco.com\/","name":"revista.enmodoflamenco.com","description":"Revista digital de actualidad y alta divulgaci\u00f3n de flamenco","publisher":{"@id":"https:\/\/revista.enmodoflamenco.com\/#organization"},"alternateName":"revistaenmodoflamenco.com","potentialAction":[{"@type":"SearchAction","target":{"@type":"EntryPoint","urlTemplate":"https:\/\/revista.enmodoflamenco.com\/?s={search_term_string}"},"query-input":{"@type":"PropertyValueSpecification","valueRequired":true,"valueName":"search_term_string"}}],"inLanguage":"en-US"},{"@type":"Organization","@id":"https:\/\/revista.enmodoflamenco.com\/#organization","name":"revista.enmodoflamenco.com","alternateName":"revistaenmodoflameco.com","url":"https:\/\/revista.enmodoflamenco.com\/","logo":{"@type":"ImageObject","inLanguage":"en-US","@id":"https:\/\/revista.enmodoflamenco.com\/#\/schema\/logo\/image\/","url":"https:\/\/revista.enmodoflamenco.com\/wp-content\/uploads\/2024\/11\/En-modo-flamenco-02-scaled.jpg","contentUrl":"https:\/\/revista.enmodoflamenco.com\/wp-content\/uploads\/2024\/11\/En-modo-flamenco-02-scaled.jpg","width":2560,"height":2560,"caption":"revista.enmodoflamenco.com"},"image":{"@id":"https:\/\/revista.enmodoflamenco.com\/#\/schema\/logo\/image\/"},"sameAs":["https:\/\/www.facebook.com\/revista.enmodoflamenco\/","https:\/\/www.youtube.com\/@enmodoflamenco"]}]}},"_links":{"self":[{"href":"https:\/\/revista.enmodoflamenco.com\/en\/wp-json\/wp\/v2\/pages\/4409158","targetHints":{"allow":["GET"]}}],"collection":[{"href":"https:\/\/revista.enmodoflamenco.com\/en\/wp-json\/wp\/v2\/pages"}],"about":[{"href":"https:\/\/revista.enmodoflamenco.com\/en\/wp-json\/wp\/v2\/types\/page"}],"author":[{"embeddable":true,"href":"https:\/\/revista.enmodoflamenco.com\/en\/wp-json\/wp\/v2\/users\/1"}],"replies":[{"embeddable":true,"href":"https:\/\/revista.enmodoflamenco.com\/en\/wp-json\/wp\/v2\/comments?post=4409158"}],"version-history":[{"count":7,"href":"https:\/\/revista.enmodoflamenco.com\/en\/wp-json\/wp\/v2\/pages\/4409158\/revisions"}],"predecessor-version":[{"id":4409174,"href":"https:\/\/revista.enmodoflamenco.com\/en\/wp-json\/wp\/v2\/pages\/4409158\/revisions\/4409174"}],"wp:attachment":[{"href":"https:\/\/revista.enmodoflamenco.com\/en\/wp-json\/wp\/v2\/media?parent=4409158"}],"curies":[{"name":"wp","href":"https:\/\/api.w.org\/{rel}","templated":true}]}}