{"id":4408303,"date":"2025-09-05T20:53:11","date_gmt":"2025-09-05T18:53:11","guid":{"rendered":"https:\/\/revista.enmodoflamenco.com\/?page_id=4408303"},"modified":"2025-09-05T20:55:38","modified_gmt":"2025-09-05T18:55:38","slug":"concursos","status":"publish","type":"page","link":"https:\/\/revista.enmodoflamenco.com\/en\/concursos\/","title":{"rendered":"CONTESTS"},"content":{"rendered":"<p>[et_pb_section fb_built=\u00bb1&#8243; _builder_version=\u00bb4.16&#8243; _module_preset=\u00bbdefault\u00bb background_color=\u00bb#eeeeee\u00bb locked=\u00bboff\u00bb global_colors_info=\u00bb{}\u00bb][et_pb_row _builder_version=\u00bb4.16&#8243; _module_preset=\u00bbdefault\u00bb global_colors_info=\u00bb{}\u00bb][et_pb_column type=\u00bb4_4&#8243; _builder_version=\u00bb4.16&#8243; _module_preset=\u00bbdefault\u00bb global_colors_info=\u00bb{}\u00bb][et_pb_divider color=\u00bb#370argba(0,0,0,0.19)0b3&#8243; divider_weight=\u00bb2px\u00bb _builder_version=\u00bb4.16&#8243; _module_preset=\u00bbdefault\u00bb width=\u00bb30%\u00bb module_alignment=\u00bbcenter\u00bb global_colors_info=\u00bb{}\u00bb][\/et_pb_divider][\/et_pb_column][\/et_pb_row][et_pb_row column_structure=\u00bb1_2,1_2&#8243; _builder_version=\u00bb4.16&#8243; _module_preset=\u00bbdefault\u00bb max_width=\u00bb90%\u00bb global_colors_info=\u00bb{}\u00bb][et_pb_column type=\u00bb1_2&#8243; _builder_version=\u00bb4.16&#8243; _module_preset=\u00bbdefault\u00bb global_colors_info=\u00bb{}\u00bb][dsm_card title=\u00bb XXIV Concurso Nacional de Arte Flamenco\u00bb subtitle=\u00bb2025&#8243; layout=\u00bbinline\u00bb layout_inline_image_width=\u00bb35%\u00bb content_horizontal_alignment=\u00bbflex-start\u00bb image=\u00bbhttps:\/\/revista.enmodoflamenco.com\/wp-content\/uploads\/2025\/09\/concurso-nacional-5659-scaled.jpg\u00bb image_as_background=\u00bboff\u00bb stretch_image=\u00bboff\u00bb badge_text=\u00bb2025&#8243; badge_position=\u00bbtop_left\u00bb badge_background_color=\u00bb#000000&#8243; badge_url_new_window=\u00bbon\u00bb content_padding=\u00bb50px|20px|50px|20px|true|false\u00bb button_text=\u00bbVER\u00bb button_url=\u00bbhttps:\/\/bienalflamencomadrid.com\/presentacion\/\u00bb button_url_new_window=\u00bb1&#8243; _builder_version=\u00bb4.27.4&#8243; _module_preset=\u00bbdefault\u00bb badge_font=\u00bbMontserrat|700|||||||\u00bb badge_text_color=\u00bb#ffffff\u00bb badge_font_size=\u00bb13px\u00bb header_font=\u00bbMontserrat|600|||||||\u00bb body_font=\u00bbMontserrat||||||||\u00bb body_text_color=\u00bb#3a3a3a\u00bb body_font_size=\u00bb13px\u00bb body_line_height=\u00bb1.8em\u00bb background_color=\u00bb#ffffff\u00bb custom_button=\u00bbon\u00bb button_text_size=\u00bb17px\u00bb button_text_color=\u00bb#ffffff\u00bb button_bg_color=\u00bb#167984&#8243; button_border_width=\u00bb0px\u00bb button_border_radius=\u00bb5px\u00bb button_font=\u00bbMontserrat|700||on|||||\u00bb button_use_icon=\u00bboff\u00bb button_custom_padding=\u00bb9px|30px|9px|30px|true|true\u00bb button_custom_padding_tablet=\u00bb\u00bb button_custom_padding_phone=\u00bb9px|20px|9px|20px|true|true\u00bb button_custom_padding_last_edited=\u00bbon|phone\u00bb text_orientation=\u00bbright\u00bb button_text_size_tablet=\u00bb\u00bb button_text_size_phone=\u00bb14px\u00bb button_text_size_last_edited=\u00bbon|phone\u00bb border_radii=\u00bbon|5px|5px|5px|5px\u00bb border_radii_badge=\u00bbon|100px|100px|100px|100px\u00bb box_shadow_style=\u00bbpreset1&#8243; box_shadow_vertical=\u00bb10px\u00bb box_shadow_blur=\u00bb27px\u00bb box_shadow_color=\u00bbrgba(0,0,0,0.08)\u00bb box_shadow_style_badge=\u00bbpreset1&#8243; box_shadow_vertical_badge=\u00bb10px\u00bb box_shadow_style_button=\u00bbpreset1&#8243; box_shadow_vertical_button=\u00bb15px\u00bb box_shadow_blur_button=\u00bb22px\u00bb box_shadow_spread_button=\u00bb-6px\u00bb locked=\u00bboff\u00bb global_colors_info=\u00bb{}\u00bb]<\/p>\n<p data-start=\"196\" data-end=\"469\" style=\"padding-left: 40px; text-align: justify;\">La XXIV edici\u00f3n del <strong data-start=\"216\" data-end=\"261\">Concurso Nacional de Arte Flamenco (CNAF)<\/strong> llega este oto\u00f1o a C\u00f3rdoba con una dotaci\u00f3n r\u00e9cord de <strong data-start=\"316\" data-end=\"339\">79.000 \u20ac en premios<\/strong>. Incluye la nueva categor\u00eda de<strong> <\/strong><strong data-start=\"371\" data-end=\"400\">Instrumentistas Flamencos<\/strong>, adem\u00e1s de las tradicionales secciones de baile, cante y guitarra.<\/p>\n<p data-start=\"471\" data-end=\"611\">[\/dsm_card][\/et_pb_column][et_pb_column type=\u00bb1_2&#8243; _builder_version=\u00bb4.16&#8243; _module_preset=\u00bbdefault\u00bb global_colors_info=\u00bb{}\u00bb][\/et_pb_column][\/et_pb_row][et_pb_row column_structure=\u00bb1_2,1_2&#8243; _builder_version=\u00bb4.16&#8243; _module_preset=\u00bbdefault\u00bb max_width=\u00bb90%\u00bb global_colors_info=\u00bb{}\u00bb][et_pb_column type=\u00bb1_2&#8243; _builder_version=\u00bb4.16&#8243; _module_preset=\u00bbdefault\u00bb global_colors_info=\u00bb{}\u00bb][\/et_pb_column][et_pb_column type=\u00bb1_2&#8243; _builder_version=\u00bb4.16&#8243; _module_preset=\u00bbdefault\u00bb global_colors_info=\u00bb{}\u00bb][\/et_pb_column][\/et_pb_row][et_pb_row column_structure=\u00bb1_2,1_2&#8243; _builder_version=\u00bb4.16&#8243; _module_preset=\u00bbdefault\u00bb max_width=\u00bb90%\u00bb global_colors_info=\u00bb{}\u00bb][et_pb_column type=\u00bb1_2&#8243; _builder_version=\u00bb4.16&#8243; _module_preset=\u00bbdefault\u00bb global_colors_info=\u00bb{}\u00bb][\/et_pb_column][et_pb_column type=\u00bb1_2&#8243; _builder_version=\u00bb4.16&#8243; _module_preset=\u00bbdefault\u00bb global_colors_info=\u00bb{}\u00bb][\/et_pb_column][\/et_pb_row][et_pb_row column_structure=\u00bb1_2,1_2&#8243; _builder_version=\u00bb4.16&#8243; _module_preset=\u00bbdefault\u00bb max_width=\u00bb90%\u00bb global_colors_info=\u00bb{}\u00bb][et_pb_column type=\u00bb1_2&#8243; _builder_version=\u00bb4.16&#8243; _module_preset=\u00bbdefault\u00bb global_colors_info=\u00bb{}\u00bb][\/et_pb_column][et_pb_column type=\u00bb1_2&#8243; _builder_version=\u00bb4.16&#8243; _module_preset=\u00bbdefault\u00bb global_colors_info=\u00bb{}\u00bb][\/et_pb_column][\/et_pb_row][\/et_pb_section]<\/p>\n","protected":false},"excerpt":{"rendered":"<div class=\"et_pb_module dsm_card dsm_card_0 et_pb_bg_layout_light  dsm_card_layout_inline\">\n\t\t\t\t\n\t\t\t\t\n\t\t\t\t\n\t\t\t\t\n\t\t\t\t\n\t\t\t\t\n\t\t\t\t<div class=\"et_pb_module_inner\">\n\t\t\t\t\t\n\t\t\t\n\t\t\t<figure class=\"dsm_card_image_wrapper dsm_card_badge_top_left\"><img decoding=\"async\" src=\"https:\/\/revista.enmodoflamenco.com\/wp-content\/uploads\/2025\/09\/concurso-nacional-5659-scaled.jpg\" alt=\"\" srcset=\"https:\/\/revista.enmodoflamenco.com\/wp-content\/uploads\/2025\/09\/concurso-nacional-5659-scaled.jpg 2560w, https:\/\/revista.enmodoflamenco.com\/wp-content\/uploads\/2025\/09\/concurso-nacional-5659-300x200.jpg 300w, https:\/\/revista.enmodoflamenco.com\/wp-content\/uploads\/2025\/09\/concurso-nacional-5659-1024x683.jpg 1024w, https:\/\/revista.enmodoflamenco.com\/wp-content\/uploads\/2025\/09\/concurso-nacional-5659-768x512.jpg 768w, https:\/\/revista.enmodoflamenco.com\/wp-content\/uploads\/2025\/09\/concurso-nacional-5659-1536x1024.jpg 1536w, https:\/\/revista.enmodoflamenco.com\/wp-content\/uploads\/2025\/09\/concurso-nacional-5659-2048x1365.jpg 2048w, https:\/\/revista.enmodoflamenco.com\/wp-content\/uploads\/2025\/09\/concurso-nacional-5659-18x12.jpg 18w, https:\/\/revista.enmodoflamenco.com\/wp-content\/uploads\/2025\/09\/concurso-nacional-5659-1080x720.jpg 1080w\" sizes=\"(max-width: 2560px) 100vw, 2560px\" class=\"dsm_card_img\" \/><div class=\"dsm_card_badge_text\">2025<\/div><\/figure>\n\t\t\t<div class=\"et_pb_module dsm_card_wrapper et_pb_text_align_right\">\n\t\t\t\t\t\n\t\t\t\t\t<h4 class=\"dsm_card_title et_pb_module_header\"> XXIV Concurso Nacional de Arte Flamenco<\/h4>\n\t\t\t\t\t<div class=\"dsm_card_subtitle\">2025<\/div>\n\t\t\t\t\t<div class=\"dsm_card_description\">La XXIV edici\u00f3n del Concurso Nacional de Arte Flamenco (CNAF) llega este oto\u00f1o a C\u00f3rdoba con una dotaci\u00f3n r\u00e9cord de 79.000 \u20ac en premios. Incluye la nueva categor\u00eda de Instrumentistas Flamencos, adem\u00e1s de las tradicionales secciones de baile, cante y guitarra. <\/div>\n\t\t\t\t\t<div class=\"et_pb_button_wrapper\"><a class=\"et_pb_button et_pb_more_button\" href=\"https:\/\/bienalflamencomadrid.com\/presentacion\/\">VER<\/a><\/div>\n\t\t\t\t<\/div>\n\t\t\t\n\t\t\t\t<\/div>\n\t\t\t<\/div>","protected":false},"author":1,"featured_media":0,"parent":0,"menu_order":0,"comment_status":"closed","ping_status":"closed","template":"","meta":{"_acf_changed":false,"_et_pb_use_builder":"on","_et_pb_old_content":"","_et_gb_content_width":"1280","footnotes":""},"class_list":["post-4408303","page","type-page","status-publish","hentry"],"acf":[],"yoast_head":"<!-- This site is optimized with the Yoast SEO plugin v26.9 - https:\/\/yoast.com\/product\/yoast-seo-wordpress\/ -->\n<title>CONCURSOS - En modo flamenco<\/title>\n<meta name=\"robots\" content=\"index, follow, max-snippet:-1, max-image-preview:large, max-video-preview:-1\" \/>\n<link rel=\"canonical\" href=\"https:\/\/revista.enmodoflamenco.com\/en\/concursos\/\" \/>\n<meta property=\"og:locale\" content=\"en_US\" \/>\n<meta property=\"og:type\" content=\"article\" \/>\n<meta property=\"og:title\" content=\"CONCURSOS - En modo flamenco\" \/>\n<meta property=\"og:description\" content=\"Your content goes here\" \/>\n<meta property=\"og:url\" content=\"https:\/\/revista.enmodoflamenco.com\/en\/concursos\/\" \/>\n<meta property=\"og:site_name\" content=\"En modo flamenco\" \/>\n<meta property=\"article:publisher\" content=\"https:\/\/www.facebook.com\/revista.enmodoflamenco\/\" \/>\n<meta property=\"article:modified_time\" content=\"2025-09-05T18:55:38+00:00\" \/>\n<meta name=\"twitter:card\" content=\"summary_large_image\" \/>\n<script type=\"application\/ld+json\" class=\"yoast-schema-graph\">{\"@context\":\"https:\/\/schema.org\",\"@graph\":[{\"@type\":\"WebPage\",\"@id\":\"https:\/\/revista.enmodoflamenco.com\/concursos\/\",\"url\":\"https:\/\/revista.enmodoflamenco.com\/concursos\/\",\"name\":\"CONCURSOS - En modo flamenco\",\"isPartOf\":{\"@id\":\"https:\/\/revista.enmodoflamenco.com\/#website\"},\"datePublished\":\"2025-09-05T18:53:11+00:00\",\"dateModified\":\"2025-09-05T18:55:38+00:00\",\"breadcrumb\":{\"@id\":\"https:\/\/revista.enmodoflamenco.com\/concursos\/#breadcrumb\"},\"inLanguage\":\"en-US\",\"potentialAction\":[{\"@type\":\"ReadAction\",\"target\":[\"https:\/\/revista.enmodoflamenco.com\/concursos\/\"]}]},{\"@type\":\"BreadcrumbList\",\"@id\":\"https:\/\/revista.enmodoflamenco.com\/concursos\/#breadcrumb\",\"itemListElement\":[{\"@type\":\"ListItem\",\"position\":1,\"name\":\"Zona privada\",\"item\":\"https:\/\/revista.enmodoflamenco.com\/\"},{\"@type\":\"ListItem\",\"position\":2,\"name\":\"CONCURSOS\"}]},{\"@type\":\"WebSite\",\"@id\":\"https:\/\/revista.enmodoflamenco.com\/#website\",\"url\":\"https:\/\/revista.enmodoflamenco.com\/\",\"name\":\"revista.enmodoflamenco.com\",\"description\":\"Revista digital de actualidad y alta divulgaci\u00f3n de flamenco\",\"publisher\":{\"@id\":\"https:\/\/revista.enmodoflamenco.com\/#organization\"},\"alternateName\":\"revistaenmodoflamenco.com\",\"potentialAction\":[{\"@type\":\"SearchAction\",\"target\":{\"@type\":\"EntryPoint\",\"urlTemplate\":\"https:\/\/revista.enmodoflamenco.com\/?s={search_term_string}\"},\"query-input\":{\"@type\":\"PropertyValueSpecification\",\"valueRequired\":true,\"valueName\":\"search_term_string\"}}],\"inLanguage\":\"en-US\"},{\"@type\":\"Organization\",\"@id\":\"https:\/\/revista.enmodoflamenco.com\/#organization\",\"name\":\"revista.enmodoflamenco.com\",\"alternateName\":\"revistaenmodoflameco.com\",\"url\":\"https:\/\/revista.enmodoflamenco.com\/\",\"logo\":{\"@type\":\"ImageObject\",\"inLanguage\":\"en-US\",\"@id\":\"https:\/\/revista.enmodoflamenco.com\/#\/schema\/logo\/image\/\",\"url\":\"https:\/\/revista.enmodoflamenco.com\/wp-content\/uploads\/2024\/11\/En-modo-flamenco-02-scaled.jpg\",\"contentUrl\":\"https:\/\/revista.enmodoflamenco.com\/wp-content\/uploads\/2024\/11\/En-modo-flamenco-02-scaled.jpg\",\"width\":2560,\"height\":2560,\"caption\":\"revista.enmodoflamenco.com\"},\"image\":{\"@id\":\"https:\/\/revista.enmodoflamenco.com\/#\/schema\/logo\/image\/\"},\"sameAs\":[\"https:\/\/www.facebook.com\/revista.enmodoflamenco\/\",\"https:\/\/www.youtube.com\/@enmodoflamenco\"]}]}<\/script>\n<!-- \/ Yoast SEO plugin. -->","yoast_head_json":{"title":"CONCURSOS - En modo flamenco","robots":{"index":"index","follow":"follow","max-snippet":"max-snippet:-1","max-image-preview":"max-image-preview:large","max-video-preview":"max-video-preview:-1"},"canonical":"https:\/\/revista.enmodoflamenco.com\/en\/concursos\/","og_locale":"en_US","og_type":"article","og_title":"CONCURSOS - En modo flamenco","og_description":"Your content goes here","og_url":"https:\/\/revista.enmodoflamenco.com\/en\/concursos\/","og_site_name":"En modo flamenco","article_publisher":"https:\/\/www.facebook.com\/revista.enmodoflamenco\/","article_modified_time":"2025-09-05T18:55:38+00:00","twitter_card":"summary_large_image","schema":{"@context":"https:\/\/schema.org","@graph":[{"@type":"WebPage","@id":"https:\/\/revista.enmodoflamenco.com\/concursos\/","url":"https:\/\/revista.enmodoflamenco.com\/concursos\/","name":"CONCURSOS - En modo flamenco","isPartOf":{"@id":"https:\/\/revista.enmodoflamenco.com\/#website"},"datePublished":"2025-09-05T18:53:11+00:00","dateModified":"2025-09-05T18:55:38+00:00","breadcrumb":{"@id":"https:\/\/revista.enmodoflamenco.com\/concursos\/#breadcrumb"},"inLanguage":"en-US","potentialAction":[{"@type":"ReadAction","target":["https:\/\/revista.enmodoflamenco.com\/concursos\/"]}]},{"@type":"BreadcrumbList","@id":"https:\/\/revista.enmodoflamenco.com\/concursos\/#breadcrumb","itemListElement":[{"@type":"ListItem","position":1,"name":"Zona privada","item":"https:\/\/revista.enmodoflamenco.com\/"},{"@type":"ListItem","position":2,"name":"CONCURSOS"}]},{"@type":"WebSite","@id":"https:\/\/revista.enmodoflamenco.com\/#website","url":"https:\/\/revista.enmodoflamenco.com\/","name":"revista.enmodoflamenco.com","description":"Revista digital de actualidad y alta divulgaci\u00f3n de flamenco","publisher":{"@id":"https:\/\/revista.enmodoflamenco.com\/#organization"},"alternateName":"revistaenmodoflamenco.com","potentialAction":[{"@type":"SearchAction","target":{"@type":"EntryPoint","urlTemplate":"https:\/\/revista.enmodoflamenco.com\/?s={search_term_string}"},"query-input":{"@type":"PropertyValueSpecification","valueRequired":true,"valueName":"search_term_string"}}],"inLanguage":"en-US"},{"@type":"Organization","@id":"https:\/\/revista.enmodoflamenco.com\/#organization","name":"revista.enmodoflamenco.com","alternateName":"revistaenmodoflameco.com","url":"https:\/\/revista.enmodoflamenco.com\/","logo":{"@type":"ImageObject","inLanguage":"en-US","@id":"https:\/\/revista.enmodoflamenco.com\/#\/schema\/logo\/image\/","url":"https:\/\/revista.enmodoflamenco.com\/wp-content\/uploads\/2024\/11\/En-modo-flamenco-02-scaled.jpg","contentUrl":"https:\/\/revista.enmodoflamenco.com\/wp-content\/uploads\/2024\/11\/En-modo-flamenco-02-scaled.jpg","width":2560,"height":2560,"caption":"revista.enmodoflamenco.com"},"image":{"@id":"https:\/\/revista.enmodoflamenco.com\/#\/schema\/logo\/image\/"},"sameAs":["https:\/\/www.facebook.com\/revista.enmodoflamenco\/","https:\/\/www.youtube.com\/@enmodoflamenco"]}]}},"_links":{"self":[{"href":"https:\/\/revista.enmodoflamenco.com\/en\/wp-json\/wp\/v2\/pages\/4408303","targetHints":{"allow":["GET"]}}],"collection":[{"href":"https:\/\/revista.enmodoflamenco.com\/en\/wp-json\/wp\/v2\/pages"}],"about":[{"href":"https:\/\/revista.enmodoflamenco.com\/en\/wp-json\/wp\/v2\/types\/page"}],"author":[{"embeddable":true,"href":"https:\/\/revista.enmodoflamenco.com\/en\/wp-json\/wp\/v2\/users\/1"}],"replies":[{"embeddable":true,"href":"https:\/\/revista.enmodoflamenco.com\/en\/wp-json\/wp\/v2\/comments?post=4408303"}],"version-history":[{"count":5,"href":"https:\/\/revista.enmodoflamenco.com\/en\/wp-json\/wp\/v2\/pages\/4408303\/revisions"}],"predecessor-version":[{"id":4408314,"href":"https:\/\/revista.enmodoflamenco.com\/en\/wp-json\/wp\/v2\/pages\/4408303\/revisions\/4408314"}],"wp:attachment":[{"href":"https:\/\/revista.enmodoflamenco.com\/en\/wp-json\/wp\/v2\/media?parent=4408303"}],"curies":[{"name":"wp","href":"https:\/\/api.w.org\/{rel}","templated":true}]}}