{"id":3,"date":"2024-11-01T12:39:56","date_gmt":"2024-11-01T12:39:56","guid":{"rendered":"http:\/\/revista.enmodoflamenco.com\/?page_id=3"},"modified":"2024-12-10T11:14:33","modified_gmt":"2024-12-10T11:14:33","slug":"privacy-policy","status":"publish","type":"page","link":"https:\/\/revista.enmodoflamenco.com\/en\/privacy-policy\/","title":{"rendered":"Privacy Policy"},"content":{"rendered":"<p>[et_pb_section fb_built=\u00bb1&#8243; admin_label=\u00bbsection\u00bb _builder_version=\u00bb4.16&#8243; global_colors_info=\u00bb{}\u00bb][et_pb_row admin_label=\u00bbrow\u00bb _builder_version=\u00bb4.16&#8243; background_size=\u00bbinitial\u00bb background_position=\u00bbtop_left\u00bb background_repeat=\u00bbrepeat\u00bb global_colors_info=\u00bb{}\u00bb][et_pb_column type=\u00bb4_4&#8243; _builder_version=\u00bb4.16&#8243; custom_padding=\u00bb|||\u00bb global_colors_info=\u00bb{}\u00bb custom_padding__hover=\u00bb|||\u00bb][et_pb_text _builder_version=\u00bb4.27.2&#8243; _module_preset=\u00bbdefault\u00bb global_colors_info=\u00bb{}\u00bb]<\/p>\n<h4><span style=\"color: #000000;\"><strong><\/strong><\/span><\/h4>\n<h4><span style=\"color: #000000;\"><strong>\u00a0<\/strong><\/span><\/h4>\n<h2><span style=\"color: #000000;\"><strong>Responsable del tratamiento de los datos<\/strong><\/span><\/h2>\n<ul>\n<li>\n<h4><span style=\"color: #000000;\"><strong>Nombre de la revista<\/strong>: <em>En Modo Flamenco<\/em><\/span><\/h4>\n<\/li>\n<li>\n<h4><span style=\"color: #000000;\"><strong>Contacto<\/strong>: <em><a rel=\"noopener\" style=\"color: #000000;\">enmodoflamenco@gmail.com<\/a><\/em><\/span><\/h4>\n<\/li>\n<\/ul>\n<h2><strong>Finalidad del tratamiento de los datos<\/strong><\/h2>\n<h3>Recogemos y tratamos tus datos personales con los siguientes fines:<\/h3>\n<ul>\n<li>\n<h3><strong>Gestionar el env\u00edo de boletines informativos<\/strong> y contenidos relacionados con el flamenco (esto se llevar\u00e1 a cabo cuando implementemos el servicio en el futuro).<\/h3>\n<\/li>\n<li>\n<h3>Responder a consultas enviadas a trav\u00e9s de nuestro formulario de contacto.<\/h3>\n<\/li>\n<li>\n<h3>Analizar estad\u00edsticas de navegaci\u00f3n para mejorar nuestra web y contenidos.<\/h3>\n<\/li>\n<\/ul>\n<h3><strong>Base legal del tratamiento<\/strong><\/h3>\n<h3>El tratamiento de tus datos se basa en tu <strong>consentimiento expreso<\/strong>, que puedes retirar en cualquier momento. En el caso del bolet\u00edn informativo, tu consentimiento ser\u00e1 solicitado expl\u00edcitamente cuando decidamos implementarlo.<\/h3>\n<p>&nbsp;<\/p>\n<h2><span style=\"color: #000000;\"><strong>Base legal del tratamiento<\/strong><\/span><br \/><span style=\"color: #000000;\"><\/span><\/h2>\n<h4><span style=\"color: #000000;\">El tratamiento de tus datos se basa en tu consentimiento expreso, que puedes retirar en cualquier momento.<\/span><\/h4>\n<h4><span style=\"color: #000000;\"><strong><\/strong><\/span><\/h4>\n<h2><span style=\"color: #000000;\"><strong>Plazo de conservaci\u00f3n de los datos<\/strong><\/span><br \/><span style=\"color: #000000;\"><\/span><\/h2>\n<h4><span style=\"color: #000000;\">Tus datos se conservar\u00e1n mientras exista una relaci\u00f3n activa o hasta que solicites su supresi\u00f3n.<\/span><\/h4>\n<h4><span style=\"color: #000000;\"><strong><\/strong><\/span><\/h4>\n<h2><span style=\"color: #000000;\"><strong>Destinatarios de los datos<\/strong><\/span><br \/><span style=\"color: #000000;\"><\/span><\/h2>\n<h4><span style=\"color: #000000;\">No compartimos tus datos con terceros, salvo obligaci\u00f3n legal o proveedores que nos asistan t\u00e9cnicamente, siempre bajo acuerdos de confidencialidad.<\/span><\/h4>\n<h4><span style=\"color: #000000;\"><strong><\/strong><\/span><\/h4>\n<h2><span style=\"color: #000000;\"><strong>Derechos del usuario<\/strong><\/span><br \/><span style=\"color: #000000;\"><\/span><\/h2>\n<h4><span style=\"color: #000000;\">Puedes ejercer tus derechos de acceso, rectificaci\u00f3n, supresi\u00f3n, oposici\u00f3n, limitaci\u00f3n y portabilidad envi\u00e1ndonos una solicitud al correo electr\u00f3nico <em><a rel=\"noopener\" style=\"color: #000000;\">enmodoflamenco@gmail.com<\/a><\/em>.<\/span><\/h4>\n<h4><span style=\"color: #000000;\"><strong><\/strong><\/span><\/h4>\n<h2><span style=\"color: #000000;\"><strong>Seguridad de los datos<\/strong><\/span><br \/><span style=\"color: #000000;\"><\/span><\/h2>\n<h4><span style=\"color: #000000;\">Adoptamos medidas t\u00e9cnicas y organizativas para proteger tus datos personales contra accesos no autorizados o usos indebidos.<\/span><\/h4>\n<h4><span style=\"color: #000000;\"><strong><\/strong><\/span><\/h4>\n<h2><span style=\"color: #000000;\"><strong>Cambios en la pol\u00edtica<\/strong><\/span><br \/><span style=\"color: #000000;\"><\/span><\/h2>\n<h4><span style=\"color: #000000;\">Nos reservamos el derecho a modificar esta Pol\u00edtica de Privacidad en funci\u00f3n de cambios normativos o mejoras en el servicio. Las modificaciones se publicar\u00e1n en esta misma p\u00e1gina, por lo que te recomendamos revisarla peri\u00f3dicamente.<\/span><\/h4>\n<p>[\/et_pb_text][\/et_pb_column][\/et_pb_row][\/et_pb_section]<\/p>\n","protected":false},"excerpt":{"rendered":"<p>\u00a0 Responsable del tratamiento de los datos Nombre de la revista: En Modo Flamenco Contacto: enmodoflamenco@gmail.com Finalidad del tratamiento de los datos Recogemos y tratamos tus datos personales con los siguientes fines: Gestionar el env\u00edo de boletines informativos y contenidos relacionados con el flamenco (esto se llevar\u00e1 a cabo cuando implementemos el servicio en el futuro). Responder a consultas enviadas a trav\u00e9s de nuestro formulario de contacto. Analizar estad\u00edsticas de navegaci\u00f3n para mejorar nuestra web y contenidos. Base legal del tratamiento El tratamiento de tus datos se basa en tu consentimiento expreso, que puedes retirar en cualquier momento. En el caso del bolet\u00edn informativo, tu consentimiento ser\u00e1 solicitado expl\u00edcitamente cuando decidamos implementarlo. &nbsp; Base legal del tratamiento El tratamiento de tus datos se basa en tu consentimiento expreso, que puedes retirar en cualquier momento. Plazo de conservaci\u00f3n de los datos Tus datos se conservar\u00e1n mientras exista una relaci\u00f3n activa o hasta que solicites su supresi\u00f3n. Destinatarios de los datos No compartimos tus datos con terceros, salvo obligaci\u00f3n legal o proveedores que nos asistan t\u00e9cnicamente, siempre bajo acuerdos de confidencialidad. Derechos del usuario Puedes ejercer tus derechos de acceso, rectificaci\u00f3n, supresi\u00f3n, oposici\u00f3n, limitaci\u00f3n y portabilidad envi\u00e1ndonos una solicitud al correo electr\u00f3nico [&hellip;]<\/p>\n","protected":false},"author":1,"featured_media":0,"parent":0,"menu_order":0,"comment_status":"closed","ping_status":"closed","template":"","meta":{"_acf_changed":false,"_et_pb_use_builder":"on","_et_pb_old_content":"<!-- wp:heading -->\n<h2 class=\"wp-block-heading\">Who we are<\/h2>\n<!-- \/wp:heading -->\n<!-- wp:paragraph -->\n<p><strong class=\"privacy-policy-tutorial\">Suggested text: <\/strong>Our website address is: http:\/\/revista.enmodoflamenco.com.<\/p>\n<!-- \/wp:paragraph -->\n<!-- wp:heading -->\n<h2 class=\"wp-block-heading\">Comments<\/h2>\n<!-- \/wp:heading -->\n<!-- wp:paragraph -->\n<p><strong class=\"privacy-policy-tutorial\">Suggested text: <\/strong>When visitors leave comments on the site we collect the data shown in the comments form, and also the visitor&#8217;s IP address and browser user agent string to help spam detection.<\/p>\n<!-- \/wp:paragraph -->\n<!-- wp:paragraph -->\n<p>An anonymized string created from your email address (also called a hash) may be provided to the Gravatar service to see if you are using it. The Gravatar service privacy policy is available here: https:\/\/automattic.com\/privacy\/. After approval of your comment, your profile picture is visible to the public in the context of your comment.<\/p>\n<!-- \/wp:paragraph -->\n<!-- wp:heading -->\n<h2 class=\"wp-block-heading\">Media<\/h2>\n<!-- \/wp:heading -->\n<!-- wp:paragraph -->\n<p><strong class=\"privacy-policy-tutorial\">Suggested text: <\/strong>If you upload images to the website, you should avoid uploading images with embedded location data (EXIF GPS) included. Visitors to the website can download and extract any location data from images on the website.<\/p>\n<!-- \/wp:paragraph -->\n<!-- wp:heading -->\n<h2 class=\"wp-block-heading\">Cookies<\/h2>\n<!-- \/wp:heading -->\n<!-- wp:paragraph -->\n<p><strong class=\"privacy-policy-tutorial\">Suggested text: <\/strong>If you leave a comment on our site you may opt-in to saving your name, email address and website in cookies. These are for your convenience so that you do not have to fill in your details again when you leave another comment. These cookies will last for one year.<\/p>\n<!-- \/wp:paragraph -->\n<!-- wp:paragraph -->\n<p>If you visit our login page, we will set a temporary cookie to determine if your browser accepts cookies. This cookie contains no personal data and is discarded when you close your browser.<\/p>\n<!-- \/wp:paragraph -->\n<!-- wp:paragraph -->\n<p>When you log in, we will also set up several cookies to save your login information and your screen display choices. Login cookies last for two days, and screen options cookies last for a year. If you select &quot;Remember Me&quot;, your login will persist for two weeks. If you log out of your account, the login cookies will be removed.<\/p>\n<!-- \/wp:paragraph -->\n<!-- wp:paragraph -->\n<p>If you edit or publish an article, an additional cookie will be saved in your browser. This cookie includes no personal data and simply indicates the post ID of the article you just edited. It expires after 1 day.<\/p>\n<!-- \/wp:paragraph -->\n<!-- wp:heading -->\n<h2 class=\"wp-block-heading\">Embedded content from other websites<\/h2>\n<!-- \/wp:heading -->\n<!-- wp:paragraph -->\n<p><strong class=\"privacy-policy-tutorial\">Suggested text: <\/strong>Articles on this site may include embedded content (e.g. videos, images, articles, etc.). Embedded content from other websites behaves in the exact same way as if the visitor has visited the other website.<\/p>\n<!-- \/wp:paragraph -->\n<!-- wp:paragraph -->\n<p>These websites may collect data about you, use cookies, embed additional third-party tracking, and monitor your interaction with that embedded content, including tracking your interaction with the embedded content if you have an account and are logged in to that website.<\/p>\n<!-- \/wp:paragraph -->\n<!-- wp:heading -->\n<h2 class=\"wp-block-heading\">Who we share your data with<\/h2>\n<!-- \/wp:heading -->\n<!-- wp:paragraph -->\n<p><strong class=\"privacy-policy-tutorial\">Suggested text: <\/strong>If you request a password reset, your IP address will be included in the reset email.<\/p>\n<!-- \/wp:paragraph -->\n<!-- wp:heading -->\n<h2 class=\"wp-block-heading\">How long we retain your data<\/h2>\n<!-- \/wp:heading -->\n<!-- wp:paragraph -->\n<p><strong class=\"privacy-policy-tutorial\">Suggested text: <\/strong>If you leave a comment, the comment and its metadata are retained indefinitely. This is so we can recognize and approve any follow-up comments automatically instead of holding them in a moderation queue.<\/p>\n<!-- \/wp:paragraph -->\n<!-- wp:paragraph -->\n<p>For users that register on our website (if any), we also store the personal information they provide in their user profile. All users can see, edit, or delete their personal information at any time (except they cannot change their username). Website administrators can also see and edit that information.<\/p>\n<!-- \/wp:paragraph -->\n<!-- wp:heading -->\n<h2 class=\"wp-block-heading\">What rights you have over your data<\/h2>\n<!-- \/wp:heading -->\n<!-- wp:paragraph -->\n<p><strong class=\"privacy-policy-tutorial\">Suggested text: <\/strong>If you have an account on this site, or have left comments, you can request to receive an exported file of the personal data we hold about you, including any data you have provided to us. You can also request that we erase any personal data we hold about you. This does not include any data we are obliged to keep for administrative, legal, or security purposes.<\/p>\n<!-- \/wp:paragraph -->\n<!-- wp:heading -->\n<h2 class=\"wp-block-heading\">Where your data is sent<\/h2>\n<!-- \/wp:heading -->\n<!-- wp:paragraph -->\n<p><strong class=\"privacy-policy-tutorial\">Suggested text: <\/strong>Visitor comments may be checked through an automated spam detection service.<\/p>\n<!-- \/wp:paragraph -->\n","_et_gb_content_width":"1280","footnotes":""},"class_list":["post-3","page","type-page","status-publish","hentry"],"acf":[],"yoast_head":"<!-- This site is optimized with the Yoast SEO plugin v27.4 - https:\/\/yoast.com\/product\/yoast-seo-wordpress\/ -->\n<title>Pol\u00edtica de privacidad - En modo flamenco<\/title>\n<meta name=\"robots\" content=\"index, follow, max-snippet:-1, max-image-preview:large, max-video-preview:-1\" \/>\n<link rel=\"canonical\" href=\"https:\/\/revista.enmodoflamenco.com\/en\/privacy-policy\/\" \/>\n<meta property=\"og:locale\" content=\"en_US\" \/>\n<meta property=\"og:type\" content=\"article\" \/>\n<meta property=\"og:title\" content=\"Pol\u00edtica de privacidad - En modo flamenco\" \/>\n<meta property=\"og:description\" content=\"Your content goes here\" \/>\n<meta property=\"og:url\" content=\"https:\/\/revista.enmodoflamenco.com\/en\/privacy-policy\/\" \/>\n<meta property=\"og:site_name\" content=\"En modo flamenco\" \/>\n<meta property=\"article:publisher\" content=\"https:\/\/www.facebook.com\/revista.enmodoflamenco\/\" \/>\n<meta property=\"article:modified_time\" content=\"2024-12-10T11:14:33+00:00\" \/>\n<meta name=\"twitter:card\" content=\"summary_large_image\" \/>\n<meta name=\"twitter:label1\" content=\"Est. reading time\" \/>\n\t<meta name=\"twitter:data1\" content=\"1 minute\" \/>\n<script type=\"application\/ld+json\" class=\"yoast-schema-graph\">{\"@context\":\"https:\\\/\\\/schema.org\",\"@graph\":[{\"@type\":\"WebPage\",\"@id\":\"https:\\\/\\\/revista.enmodoflamenco.com\\\/privacy-policy\\\/\",\"url\":\"https:\\\/\\\/revista.enmodoflamenco.com\\\/privacy-policy\\\/\",\"name\":\"Pol\u00edtica de privacidad - En modo flamenco\",\"isPartOf\":{\"@id\":\"https:\\\/\\\/revista.enmodoflamenco.com\\\/#website\"},\"datePublished\":\"2024-11-01T12:39:56+00:00\",\"dateModified\":\"2024-12-10T11:14:33+00:00\",\"breadcrumb\":{\"@id\":\"https:\\\/\\\/revista.enmodoflamenco.com\\\/privacy-policy\\\/#breadcrumb\"},\"inLanguage\":\"en-US\",\"potentialAction\":[{\"@type\":\"ReadAction\",\"target\":[\"https:\\\/\\\/revista.enmodoflamenco.com\\\/privacy-policy\\\/\"]}]},{\"@type\":\"BreadcrumbList\",\"@id\":\"https:\\\/\\\/revista.enmodoflamenco.com\\\/privacy-policy\\\/#breadcrumb\",\"itemListElement\":[{\"@type\":\"ListItem\",\"position\":1,\"name\":\"Zona privada\",\"item\":\"https:\\\/\\\/revista.enmodoflamenco.com\\\/\"},{\"@type\":\"ListItem\",\"position\":2,\"name\":\"Pol\u00edtica de privacidad\"}]},{\"@type\":\"WebSite\",\"@id\":\"https:\\\/\\\/revista.enmodoflamenco.com\\\/#website\",\"url\":\"https:\\\/\\\/revista.enmodoflamenco.com\\\/\",\"name\":\"revista.enmodoflamenco.com\",\"description\":\"Revista digital de actualidad y alta divulgaci\u00f3n de flamenco\",\"publisher\":{\"@id\":\"https:\\\/\\\/revista.enmodoflamenco.com\\\/#organization\"},\"alternateName\":\"revistaenmodoflamenco.com\",\"potentialAction\":[{\"@type\":\"SearchAction\",\"target\":{\"@type\":\"EntryPoint\",\"urlTemplate\":\"https:\\\/\\\/revista.enmodoflamenco.com\\\/?s={search_term_string}\"},\"query-input\":{\"@type\":\"PropertyValueSpecification\",\"valueRequired\":true,\"valueName\":\"search_term_string\"}}],\"inLanguage\":\"en-US\"},{\"@type\":\"Organization\",\"@id\":\"https:\\\/\\\/revista.enmodoflamenco.com\\\/#organization\",\"name\":\"revista.enmodoflamenco.com\",\"alternateName\":\"revistaenmodoflameco.com\",\"url\":\"https:\\\/\\\/revista.enmodoflamenco.com\\\/\",\"logo\":{\"@type\":\"ImageObject\",\"inLanguage\":\"en-US\",\"@id\":\"https:\\\/\\\/revista.enmodoflamenco.com\\\/#\\\/schema\\\/logo\\\/image\\\/\",\"url\":\"https:\\\/\\\/revista.enmodoflamenco.com\\\/wp-content\\\/uploads\\\/2024\\\/11\\\/En-modo-flamenco-02-scaled.jpg\",\"contentUrl\":\"https:\\\/\\\/revista.enmodoflamenco.com\\\/wp-content\\\/uploads\\\/2024\\\/11\\\/En-modo-flamenco-02-scaled.jpg\",\"width\":2560,\"height\":2560,\"caption\":\"revista.enmodoflamenco.com\"},\"image\":{\"@id\":\"https:\\\/\\\/revista.enmodoflamenco.com\\\/#\\\/schema\\\/logo\\\/image\\\/\"},\"sameAs\":[\"https:\\\/\\\/www.facebook.com\\\/revista.enmodoflamenco\\\/\",\"https:\\\/\\\/www.youtube.com\\\/@enmodoflamenco\"]}]}<\/script>\n<!-- \/ Yoast SEO plugin. -->","yoast_head_json":{"title":"Pol\u00edtica de privacidad - En modo flamenco","robots":{"index":"index","follow":"follow","max-snippet":"max-snippet:-1","max-image-preview":"max-image-preview:large","max-video-preview":"max-video-preview:-1"},"canonical":"https:\/\/revista.enmodoflamenco.com\/en\/privacy-policy\/","og_locale":"en_US","og_type":"article","og_title":"Pol\u00edtica de privacidad - En modo flamenco","og_description":"Your content goes here","og_url":"https:\/\/revista.enmodoflamenco.com\/en\/privacy-policy\/","og_site_name":"En modo flamenco","article_publisher":"https:\/\/www.facebook.com\/revista.enmodoflamenco\/","article_modified_time":"2024-12-10T11:14:33+00:00","twitter_card":"summary_large_image","twitter_misc":{"Est. reading time":"1 minute"},"schema":{"@context":"https:\/\/schema.org","@graph":[{"@type":"WebPage","@id":"https:\/\/revista.enmodoflamenco.com\/privacy-policy\/","url":"https:\/\/revista.enmodoflamenco.com\/privacy-policy\/","name":"Pol\u00edtica de privacidad - En modo flamenco","isPartOf":{"@id":"https:\/\/revista.enmodoflamenco.com\/#website"},"datePublished":"2024-11-01T12:39:56+00:00","dateModified":"2024-12-10T11:14:33+00:00","breadcrumb":{"@id":"https:\/\/revista.enmodoflamenco.com\/privacy-policy\/#breadcrumb"},"inLanguage":"en-US","potentialAction":[{"@type":"ReadAction","target":["https:\/\/revista.enmodoflamenco.com\/privacy-policy\/"]}]},{"@type":"BreadcrumbList","@id":"https:\/\/revista.enmodoflamenco.com\/privacy-policy\/#breadcrumb","itemListElement":[{"@type":"ListItem","position":1,"name":"Zona privada","item":"https:\/\/revista.enmodoflamenco.com\/"},{"@type":"ListItem","position":2,"name":"Pol\u00edtica de privacidad"}]},{"@type":"WebSite","@id":"https:\/\/revista.enmodoflamenco.com\/#website","url":"https:\/\/revista.enmodoflamenco.com\/","name":"revista.enmodoflamenco.com","description":"Revista digital de actualidad y alta divulgaci\u00f3n de flamenco","publisher":{"@id":"https:\/\/revista.enmodoflamenco.com\/#organization"},"alternateName":"revistaenmodoflamenco.com","potentialAction":[{"@type":"SearchAction","target":{"@type":"EntryPoint","urlTemplate":"https:\/\/revista.enmodoflamenco.com\/?s={search_term_string}"},"query-input":{"@type":"PropertyValueSpecification","valueRequired":true,"valueName":"search_term_string"}}],"inLanguage":"en-US"},{"@type":"Organization","@id":"https:\/\/revista.enmodoflamenco.com\/#organization","name":"revista.enmodoflamenco.com","alternateName":"revistaenmodoflameco.com","url":"https:\/\/revista.enmodoflamenco.com\/","logo":{"@type":"ImageObject","inLanguage":"en-US","@id":"https:\/\/revista.enmodoflamenco.com\/#\/schema\/logo\/image\/","url":"https:\/\/revista.enmodoflamenco.com\/wp-content\/uploads\/2024\/11\/En-modo-flamenco-02-scaled.jpg","contentUrl":"https:\/\/revista.enmodoflamenco.com\/wp-content\/uploads\/2024\/11\/En-modo-flamenco-02-scaled.jpg","width":2560,"height":2560,"caption":"revista.enmodoflamenco.com"},"image":{"@id":"https:\/\/revista.enmodoflamenco.com\/#\/schema\/logo\/image\/"},"sameAs":["https:\/\/www.facebook.com\/revista.enmodoflamenco\/","https:\/\/www.youtube.com\/@enmodoflamenco"]}]}},"_links":{"self":[{"href":"https:\/\/revista.enmodoflamenco.com\/en\/wp-json\/wp\/v2\/pages\/3","targetHints":{"allow":["GET"]}}],"collection":[{"href":"https:\/\/revista.enmodoflamenco.com\/en\/wp-json\/wp\/v2\/pages"}],"about":[{"href":"https:\/\/revista.enmodoflamenco.com\/en\/wp-json\/wp\/v2\/types\/page"}],"author":[{"embeddable":true,"href":"https:\/\/revista.enmodoflamenco.com\/en\/wp-json\/wp\/v2\/users\/1"}],"replies":[{"embeddable":true,"href":"https:\/\/revista.enmodoflamenco.com\/en\/wp-json\/wp\/v2\/comments?post=3"}],"version-history":[{"count":6,"href":"https:\/\/revista.enmodoflamenco.com\/en\/wp-json\/wp\/v2\/pages\/3\/revisions"}],"predecessor-version":[{"id":2111,"href":"https:\/\/revista.enmodoflamenco.com\/en\/wp-json\/wp\/v2\/pages\/3\/revisions\/2111"}],"wp:attachment":[{"href":"https:\/\/revista.enmodoflamenco.com\/en\/wp-json\/wp\/v2\/media?parent=3"}],"curies":[{"name":"wp","href":"https:\/\/api.w.org\/{rel}","templated":true}]}}