{"id":248128,"date":"2025-04-25T20:12:23","date_gmt":"2025-04-25T20:12:23","guid":{"rendered":"https:\/\/revista.enmodoflamenco.com\/?page_id=248128"},"modified":"2026-01-02T17:47:13","modified_gmt":"2026-01-02T16:47:13","slug":"comunidad-de-madrid","status":"publish","type":"page","link":"https:\/\/revista.enmodoflamenco.com\/en\/comunidad-de-madrid\/","title":{"rendered":"COMUNIDAD DE MADRID"},"content":{"rendered":"<p>[et_pb_section fb_built=\u00bb1&#8243; _builder_version=\u00bb4.16&#8243; _module_preset=\u00bbdefault\u00bb background_color=\u00bb#eeeeee\u00bb locked=\u00bboff\u00bb global_colors_info=\u00bb{}\u00bb][et_pb_row _builder_version=\u00bb4.16&#8243; _module_preset=\u00bbdefault\u00bb global_colors_info=\u00bb{}\u00bb][et_pb_column type=\u00bb4_4&#8243; _builder_version=\u00bb4.16&#8243; _module_preset=\u00bbdefault\u00bb global_colors_info=\u00bb{}\u00bb][et_pb_divider color=\u00bb#370argba(0,0,0,0.19)0b3&#8243; divider_weight=\u00bb2px\u00bb _builder_version=\u00bb4.16&#8243; _module_preset=\u00bbdefault\u00bb width=\u00bb30%\u00bb module_alignment=\u00bbcenter\u00bb global_colors_info=\u00bb{}\u00bb][\/et_pb_divider][\/et_pb_column][\/et_pb_row][et_pb_row column_structure=\u00bb1_2,1_2&#8243; _builder_version=\u00bb4.16&#8243; _module_preset=\u00bbdefault\u00bb max_width=\u00bb90%\u00bb global_colors_info=\u00bb{}\u00bb][et_pb_column type=\u00bb1_2&#8243; _builder_version=\u00bb4.16&#8243; _module_preset=\u00bbdefault\u00bb global_colors_info=\u00bb{}\u00bb][dsm_card title=\u00bbI BIENAL FLAMENCO MADRID\u00bb subtitle=\u00bb2025&#8243; layout=\u00bbinline\u00bb content_horizontal_alignment=\u00bbflex-start\u00bb image=\u00bbhttps:\/\/revista.enmodoflamenco.com\/wp-content\/uploads\/2025\/06\/YDRAY-Cartel_Bienal_Flamenco-scaled-1.jpg\u00bb image_as_background=\u00bboff\u00bb badge_text=\u00bb2025&#8243; badge_position=\u00bbtop_left\u00bb badge_background_color=\u00bb#000000&#8243; badge_url_new_window=\u00bbon\u00bb content_padding=\u00bb50px|20px|50px|20px|true|false\u00bb button_text=\u00bbVER\u00bb button_url=\u00bbhttps:\/\/bienalflamencomadrid.com\/presentacion\/\u00bb button_url_new_window=\u00bb1&#8243; _builder_version=\u00bb4.27.4&#8243; _module_preset=\u00bbdefault\u00bb badge_font=\u00bbMontserrat|700|||||||\u00bb badge_text_color=\u00bb#ffffff\u00bb badge_font_size=\u00bb13px\u00bb header_font=\u00bbMontserrat|600|||||||\u00bb body_font=\u00bbMontserrat||||||||\u00bb body_text_color=\u00bb#3a3a3a\u00bb body_line_height=\u00bb1.8em\u00bb background_color=\u00bb#ffffff\u00bb custom_button=\u00bbon\u00bb button_text_size=\u00bb17px\u00bb button_text_color=\u00bb#ffffff\u00bb button_bg_color=\u00bb#167984&#8243; button_border_width=\u00bb0px\u00bb button_border_radius=\u00bb5px\u00bb button_font=\u00bbMontserrat|700||on|||||\u00bb button_use_icon=\u00bboff\u00bb button_custom_padding=\u00bb9px|30px|9px|30px|true|true\u00bb button_custom_padding_tablet=\u00bb\u00bb button_custom_padding_phone=\u00bb9px|20px|9px|20px|true|true\u00bb button_custom_padding_last_edited=\u00bbon|phone\u00bb button_text_size_tablet=\u00bb\u00bb button_text_size_phone=\u00bb14px\u00bb button_text_size_last_edited=\u00bbon|phone\u00bb border_radii=\u00bbon|5px|5px|5px|5px\u00bb border_radii_badge=\u00bbon|100px|100px|100px|100px\u00bb box_shadow_style=\u00bbpreset1&#8243; box_shadow_vertical=\u00bb10px\u00bb box_shadow_blur=\u00bb27px\u00bb box_shadow_color=\u00bbrgba(0,0,0,0.08)\u00bb box_shadow_style_badge=\u00bbpreset1&#8243; box_shadow_vertical_badge=\u00bb10px\u00bb box_shadow_style_button=\u00bbpreset1&#8243; box_shadow_vertical_button=\u00bb15px\u00bb box_shadow_blur_button=\u00bb22px\u00bb box_shadow_spread_button=\u00bb-6px\u00bb locked=\u00bboff\u00bb global_colors_info=\u00bb{}\u00bb]<\/p>\n<p>Festival promovido por el Ayuntamiento de Madrid que celebra el flamenco en todas sus expresiones, reuniendo a grandes artistas y nuevas voces en una programaci\u00f3n diversa, accesible y de alta calidad.<\/p>\n<p>[\/dsm_card][dsm_card title=\u00bbII Festival de la guitarra de la Comunidad de Madrid\u00bb subtitle=\u00bbA SABICAS\u00bb layout=\u00bbinline\u00bb content_horizontal_alignment=\u00bbflex-start\u00bb image=\u00bbhttps:\/\/revista.enmodoflamenco.com\/wp-content\/uploads\/2025\/04\/AF_GUITARRA_FLAMENCA_2025_CARTEL_METRO_70x102_170225_ONLINE.jpg\u00bb image_as_background=\u00bboff\u00bb badge_text=\u00bb2025&#8243; badge_position=\u00bbtop_left\u00bb badge_background_color=\u00bb#000000&#8243; badge_url_new_window=\u00bbon\u00bb content_padding=\u00bb50px|20px|50px|20px|true|false\u00bb button_text=\u00bbVER\u00bb button_url=\u00bbhttps:\/\/www.madrid.org\/sumaflamenca\/2025\/guitarra\/index.html\u00bb button_url_new_window=\u00bb1&#8243; _builder_version=\u00bb4.27.4&#8243; _module_preset=\u00bbdefault\u00bb badge_font=\u00bbMontserrat|700|||||||\u00bb badge_text_color=\u00bb#ffffff\u00bb badge_font_size=\u00bb13px\u00bb header_font=\u00bbMontserrat|600|||||||\u00bb body_font=\u00bbMontserrat||||||||\u00bb body_text_color=\u00bb#3a3a3a\u00bb body_line_height=\u00bb1.8em\u00bb background_color=\u00bb#ffffff\u00bb custom_button=\u00bbon\u00bb button_text_size=\u00bb17px\u00bb button_text_color=\u00bb#ffffff\u00bb button_bg_color=\u00bb#167984&#8243; button_border_width=\u00bb0px\u00bb button_border_radius=\u00bb5px\u00bb button_font=\u00bbMontserrat|700||on|||||\u00bb button_use_icon=\u00bboff\u00bb button_custom_padding=\u00bb9px|30px|9px|30px|true|true\u00bb button_custom_padding_tablet=\u00bb\u00bb button_custom_padding_phone=\u00bb9px|20px|9px|20px|true|true\u00bb button_custom_padding_last_edited=\u00bbon|phone\u00bb button_text_size_tablet=\u00bb\u00bb button_text_size_phone=\u00bb14px\u00bb button_text_size_last_edited=\u00bbon|phone\u00bb border_radii=\u00bbon|5px|5px|5px|5px\u00bb border_radii_badge=\u00bbon|100px|100px|100px|100px\u00bb box_shadow_style=\u00bbpreset1&#8243; box_shadow_vertical=\u00bb10px\u00bb box_shadow_blur=\u00bb27px\u00bb box_shadow_color=\u00bbrgba(0,0,0,0.08)\u00bb box_shadow_style_badge=\u00bbpreset1&#8243; box_shadow_vertical_badge=\u00bb10px\u00bb box_shadow_style_button=\u00bbpreset1&#8243; box_shadow_vertical_button=\u00bb15px\u00bb box_shadow_blur_button=\u00bb22px\u00bb box_shadow_spread_button=\u00bb-6px\u00bb locked=\u00bboff\u00bb global_colors_info=\u00bb{}\u00bb]<\/p>\n<p>El II Festival de la Guitarra Flamenca de la Comunidad de Madrid arranca el 22 de abril con un homenaje a Sabicas. Conferencias, mesas redondas y conciertos acompa\u00f1an a cuatro grandes galas con guitarristas como Paco Jarana, Dani de Mor\u00f3n, Manuel Valencia y David de Arahal.<\/p>\n<p>[\/dsm_card][\/et_pb_column][et_pb_column type=\u00bb1_2&#8243; _builder_version=\u00bb4.16&#8243; _module_preset=\u00bbdefault\u00bb global_colors_info=\u00bb{}\u00bb][dsm_card title=\u00bbXX SUMA FLAMENCA\u00bb subtitle=\u00bbFESTIVAL Y VANGUARDIA\u00bb layout=\u00bbinline\u00bb content_horizontal_alignment=\u00bbflex-start\u00bb image=\u00bbhttps:\/\/revista.enmodoflamenco.com\/wp-content\/uploads\/2025\/10\/Cartel_SUMA-FLAMENCA-2025.jpg\u00bb image_as_background=\u00bboff\u00bb stretch_image=\u00bboff\u00bb badge_text=\u00bb2025&#8243; badge_position=\u00bbtop_left\u00bb badge_background_color=\u00bb#000000&#8243; badge_url=\u00bbhttps:\/\/www.madrid.org\/sumaflamenca\/2025\/elfestival.html\u00bb badge_url_new_window=\u00bbon\u00bb content_padding=\u00bb50px|20px|50px|20px|true|false\u00bb button_text=\u00bbVER\u00bb button_url=\u00bbhttps:\/\/www.madrid.org\/sumaflamenca\/2025\/elfestival.html\u00bb button_url_new_window=\u00bbon\u00bb _builder_version=\u00bb4.27.4&#8243; _module_preset=\u00bbdefault\u00bb badge_font=\u00bbMontserrat|700|||||||\u00bb badge_text_color=\u00bb#ffffff\u00bb badge_font_size=\u00bb13px\u00bb header_font=\u00bbMontserrat|600|||||||\u00bb body_font=\u00bbMontserrat||||||||\u00bb body_text_color=\u00bb#3a3a3a\u00bb body_line_height=\u00bb1.8em\u00bb background_color=\u00bb#ffffff\u00bb custom_button=\u00bbon\u00bb button_text_size=\u00bb17px\u00bb button_text_color=\u00bb#ffffff\u00bb button_bg_color=\u00bb#167984&#8243; button_border_width=\u00bb0px\u00bb button_border_radius=\u00bb5px\u00bb button_font=\u00bbMontserrat|700||on|||||\u00bb button_use_icon=\u00bboff\u00bb button_custom_padding=\u00bb9px|30px|9px|30px|true|true\u00bb button_custom_padding_tablet=\u00bb\u00bb button_custom_padding_phone=\u00bb9px|20px|9px|20px|true|true\u00bb button_custom_padding_last_edited=\u00bbon|phone\u00bb hover_enabled=\u00bb0&#8243; button_text_size_tablet=\u00bb\u00bb button_text_size_phone=\u00bb14px\u00bb button_text_size_last_edited=\u00bbon|phone\u00bb border_radii=\u00bbon|5px|5px|5px|5px\u00bb border_radii_badge=\u00bbon|100px|100px|100px|100px\u00bb box_shadow_style=\u00bbpreset1&#8243; box_shadow_vertical=\u00bb10px\u00bb box_shadow_blur=\u00bb27px\u00bb box_shadow_color=\u00bbrgba(0,0,0,0.08)\u00bb box_shadow_style_badge=\u00bbpreset1&#8243; box_shadow_vertical_badge=\u00bb10px\u00bb box_shadow_style_button=\u00bbpreset1&#8243; box_shadow_vertical_button=\u00bb15px\u00bb box_shadow_blur_button=\u00bb22px\u00bb box_shadow_spread_button=\u00bb-6px\u00bb locked=\u00bboff\u00bb global_colors_info=\u00bb{}\u00bb sticky_enabled=\u00bb0&#8243;]<\/p>\n<p>La 20\u00aa edici\u00f3n del Festival Suma Flamenca de la Comunidad de Madrid se celebrar\u00e1 del 14 de octubre al 2 de noviembre, con 46 galas que fusionan tradici\u00f3n y vanguardia. Habr\u00e1 17 estrenos absolutos y 18 estrenos en Madrid, con sedes en diversos teatros y centros culturales. Como pre\u00e1mbulo, Suma Flamenca Joven destacar\u00e1 el talento emergente del <strong>25 al 28 de septiembre.<\/strong><\/p>\n<p>[\/dsm_card][dsm_card title=\u00bbV SUMA FLAMENCA JOVEN\u00bb subtitle=\u00bbFESTIVAL Y VANGUARDIA\u00bb layout=\u00bbinline\u00bb content_horizontal_alignment=\u00bbflex-start\u00bb image=\u00bbhttps:\/\/revista.enmodoflamenco.com\/wp-content\/uploads\/2025\/09\/CARTEL_Suma-Joven-2025.jpg\u00bb image_as_background=\u00bboff\u00bb stretch_image=\u00bboff\u00bb badge_text=\u00bb2025&#8243; badge_position=\u00bbtop_left\u00bb badge_background_color=\u00bb#000000&#8243; badge_url=\u00bbhttps:\/\/www.madrid.org\/sumaflamenca\/2025\/joven\/index.html\u00bb badge_url_new_window=\u00bbon\u00bb content_padding=\u00bb50px|20px|50px|20px|true|false\u00bb button_text=\u00bbVER\u00bb button_url=\u00bbhttps:\/\/www.madrid.org\/sumaflamenca\/2025\/joven\/index.html\u00bb button_url_new_window=\u00bbon\u00bb _builder_version=\u00bb4.27.4&#8243; _module_preset=\u00bbdefault\u00bb badge_font=\u00bbMontserrat|700|||||||\u00bb badge_text_color=\u00bb#ffffff\u00bb badge_font_size=\u00bb13px\u00bb header_font=\u00bbMontserrat|600|||||||\u00bb body_font=\u00bbMontserrat||||||||\u00bb body_text_color=\u00bb#3a3a3a\u00bb body_line_height=\u00bb1.8em\u00bb background_color=\u00bb#ffffff\u00bb custom_button=\u00bbon\u00bb button_text_size=\u00bb17px\u00bb button_text_color=\u00bb#ffffff\u00bb button_bg_color=\u00bb#167984&#8243; button_border_width=\u00bb0px\u00bb button_border_radius=\u00bb5px\u00bb button_font=\u00bbMontserrat|700||on|||||\u00bb button_use_icon=\u00bboff\u00bb button_custom_padding=\u00bb9px|30px|9px|30px|true|true\u00bb button_custom_padding_tablet=\u00bb\u00bb button_custom_padding_phone=\u00bb9px|20px|9px|20px|true|true\u00bb button_custom_padding_last_edited=\u00bbon|phone\u00bb button_text_size_tablet=\u00bb\u00bb button_text_size_phone=\u00bb14px\u00bb button_text_size_last_edited=\u00bbon|phone\u00bb border_radii=\u00bbon|5px|5px|5px|5px\u00bb border_radii_badge=\u00bbon|100px|100px|100px|100px\u00bb box_shadow_style=\u00bbpreset1&#8243; box_shadow_vertical=\u00bb10px\u00bb box_shadow_blur=\u00bb27px\u00bb box_shadow_color=\u00bbrgba(0,0,0,0.08)\u00bb box_shadow_style_badge=\u00bbpreset1&#8243; box_shadow_vertical_badge=\u00bb10px\u00bb box_shadow_style_button=\u00bbpreset1&#8243; box_shadow_vertical_button=\u00bb15px\u00bb box_shadow_blur_button=\u00bb22px\u00bb box_shadow_spread_button=\u00bb-6px\u00bb locked=\u00bboff\u00bb global_colors_info=\u00bb{}\u00bb]<\/p>\n<p>La quinta edici\u00f3n de <strong data-start=\"21\" data-end=\"44\">Suma Flamenca Joven<\/strong> re\u00fane a las nuevas promesas del cante, el baile y la guitarra flamenca menores de 30 a\u00f1os. Durante cuatro d\u00edas, j\u00f3venes artistas nacionales e internacionales mostrar\u00e1n su talento en la <strong data-start=\"230\" data-end=\"269\">Sala Verde de los Teatros del Canal<\/strong>, con el apoyo t\u00e9cnico y art\u00edstico de la <strong data-start=\"310\" data-end=\"333\">Comunidad de Madrid<\/strong> para seguir impulsando el futuro del arte flamenco.<\/p>\n<p>[\/dsm_card][\/et_pb_column][\/et_pb_row][et_pb_row column_structure=\u00bb1_2,1_2&#8243; _builder_version=\u00bb4.16&#8243; _module_preset=\u00bbdefault\u00bb max_width=\u00bb90%\u00bb global_colors_info=\u00bb{}\u00bb][et_pb_column type=\u00bb1_2&#8243; _builder_version=\u00bb4.16&#8243; _module_preset=\u00bbdefault\u00bb global_colors_info=\u00bb{}\u00bb][\/et_pb_column][et_pb_column type=\u00bb1_2&#8243; _builder_version=\u00bb4.16&#8243; _module_preset=\u00bbdefault\u00bb global_colors_info=\u00bb{}\u00bb][\/et_pb_column][\/et_pb_row][et_pb_row column_structure=\u00bb1_2,1_2&#8243; _builder_version=\u00bb4.16&#8243; _module_preset=\u00bbdefault\u00bb max_width=\u00bb90%\u00bb global_colors_info=\u00bb{}\u00bb][et_pb_column type=\u00bb1_2&#8243; _builder_version=\u00bb4.16&#8243; _module_preset=\u00bbdefault\u00bb global_colors_info=\u00bb{}\u00bb][\/et_pb_column][et_pb_column type=\u00bb1_2&#8243; _builder_version=\u00bb4.16&#8243; _module_preset=\u00bbdefault\u00bb global_colors_info=\u00bb{}\u00bb][\/et_pb_column][\/et_pb_row][et_pb_row column_structure=\u00bb1_2,1_2&#8243; _builder_version=\u00bb4.16&#8243; _module_preset=\u00bbdefault\u00bb max_width=\u00bb90%\u00bb global_colors_info=\u00bb{}\u00bb][et_pb_column type=\u00bb1_2&#8243; _builder_version=\u00bb4.16&#8243; _module_preset=\u00bbdefault\u00bb global_colors_info=\u00bb{}\u00bb][\/et_pb_column][et_pb_column type=\u00bb1_2&#8243; _builder_version=\u00bb4.16&#8243; _module_preset=\u00bbdefault\u00bb global_colors_info=\u00bb{}\u00bb][\/et_pb_column][\/et_pb_row][\/et_pb_section]<\/p>\n","protected":false},"excerpt":{"rendered":"<p><div class=\"et_pb_module dsm_card dsm_card_0 et_pb_bg_layout_light  dsm_card_layout_inline\">\n\t\t\t\t\n\t\t\t\t\n\t\t\t\t\n\t\t\t\t\n\t\t\t\t\n\t\t\t\t\n\t\t\t\t<div class=\"et_pb_module_inner\">\n\t\t\t\t\t\n\t\t\t\n\t\t\t<figure class=\"dsm_card_image_wrapper dsm_card_badge_top_left\"><img decoding=\"async\" src=\"https:\/\/revista.enmodoflamenco.com\/wp-content\/uploads\/2025\/06\/YDRAY-Cartel_Bienal_Flamenco-scaled-1.jpg\" alt=\"\" srcset=\"https:\/\/revista.enmodoflamenco.com\/wp-content\/uploads\/2025\/06\/YDRAY-Cartel_Bienal_Flamenco-scaled-1.jpg 1462w, https:\/\/revista.enmodoflamenco.com\/wp-content\/uploads\/2025\/06\/YDRAY-Cartel_Bienal_Flamenco-scaled-1-214x300.jpg 214w, https:\/\/revista.enmodoflamenco.com\/wp-content\/uploads\/2025\/06\/YDRAY-Cartel_Bienal_Flamenco-scaled-1-731x1024.jpg 731w, https:\/\/revista.enmodoflamenco.com\/wp-content\/uploads\/2025\/06\/YDRAY-Cartel_Bienal_Flamenco-scaled-1-768x1076.jpg 768w, https:\/\/revista.enmodoflamenco.com\/wp-content\/uploads\/2025\/06\/YDRAY-Cartel_Bienal_Flamenco-scaled-1-1097x1536.jpg 1097w, https:\/\/revista.enmodoflamenco.com\/wp-content\/uploads\/2025\/06\/YDRAY-Cartel_Bienal_Flamenco-scaled-1-9x12.jpg 9w, https:\/\/revista.enmodoflamenco.com\/wp-content\/uploads\/2025\/06\/YDRAY-Cartel_Bienal_Flamenco-scaled-1-1080x1513.jpg 1080w\" sizes=\"(max-width: 1462px) 100vw, 1462px\" class=\"dsm_card_img dsm_card_image_stretch\" \/><div class=\"dsm_card_badge_text\">2025<\/div><\/figure>\n\t\t\t<div class=\"et_pb_module dsm_card_wrapper et_pb_text_align_left\">\n\t\t\t\t\t\n\t\t\t\t\t<h4 class=\"dsm_card_title et_pb_module_header\">I BIENAL FLAMENCO MADRID<\/h4>\n\t\t\t\t\t<div class=\"dsm_card_subtitle\">2025<\/div>\n\t\t\t\t\t<div class=\"dsm_card_description\">Festival promovido por el Ayuntamiento de Madrid que celebra el flamenco en todas sus expresiones, reuniendo a grandes artistas y nuevas voces en una programaci\u00f3n diversa, accesible y de alta calidad.<\/div>\n\t\t\t\t\t<div class=\"et_pb_button_wrapper\"><a class=\"et_pb_button et_pb_more_button\" href=\"https:\/\/bienalflamencomadrid.com\/presentacion\/\">VER<\/a><\/div>\n\t\t\t\t<\/div>\n\t\t\t\n\t\t\t\t<\/div>\n\t\t\t<\/div><div class=\"et_pb_module dsm_card dsm_card_1 et_pb_bg_layout_light  dsm_card_layout_inline\">\n\t\t\t\t\n\t\t\t\t\n\t\t\t\t\n\t\t\t\t\n\t\t\t\t\n\t\t\t\t\n\t\t\t\t<div class=\"et_pb_module_inner\">\n\t\t\t\t\t\n\t\t\t\n\t\t\t<figure class=\"dsm_card_image_wrapper dsm_card_badge_top_left\"><img decoding=\"async\" src=\"https:\/\/revista.enmodoflamenco.com\/wp-content\/uploads\/2025\/04\/AF_GUITARRA_FLAMENCA_2025_CARTEL_METRO_70x102_170225_ONLINE.jpg\" alt=\"\" srcset=\"https:\/\/revista.enmodoflamenco.com\/wp-content\/uploads\/2025\/04\/AF_GUITARRA_FLAMENCA_2025_CARTEL_METRO_70x102_170225_ONLINE-e1745345718152.jpg 1575w, https:\/\/revista.enmodoflamenco.com\/wp-content\/uploads\/2025\/04\/AF_GUITARRA_FLAMENCA_2025_CARTEL_METRO_70x102_170225_ONLINE-e1745345718152-300x194.jpg 300w, https:\/\/revista.enmodoflamenco.com\/wp-content\/uploads\/2025\/04\/AF_GUITARRA_FLAMENCA_2025_CARTEL_METRO_70x102_170225_ONLINE-e1745345718152-1024x663.jpg 1024w, https:\/\/revista.enmodoflamenco.com\/wp-content\/uploads\/2025\/04\/AF_GUITARRA_FLAMENCA_2025_CARTEL_METRO_70x102_170225_ONLINE-e1745345718152-768x497.jpg 768w, https:\/\/revista.enmodoflamenco.com\/wp-content\/uploads\/2025\/04\/AF_GUITARRA_FLAMENCA_2025_CARTEL_METRO_70x102_170225_ONLINE-e1745345718152-1536x995.jpg 1536w, https:\/\/revista.enmodoflamenco.com\/wp-content\/uploads\/2025\/04\/AF_GUITARRA_FLAMENCA_2025_CARTEL_METRO_70x102_170225_ONLINE-e1745345718152-1080x699.jpg 1080w\" sizes=\"(max-width: 1575px) 100vw, 1575px\" class=\"dsm_card_img dsm_card_image_stretch\" \/><div class=\"dsm_card_badge_text\">2025<\/div><\/figure>\n\t\t\t<div class=\"et_pb_module dsm_card_wrapper et_pb_text_align_left\">\n\t\t\t\t\t\n\t\t\t\t\t<h4 class=\"dsm_card_title et_pb_module_header\">II Festival de la guitarra de la Comunidad de Madrid<\/h4>\n\t\t\t\t\t<div class=\"dsm_card_subtitle\">A SABICAS<\/div>\n\t\t\t\t\t<div class=\"dsm_card_description\">El II Festival de la Guitarra Flamenca de la Comunidad de Madrid arranca el 22 de abril con un homenaje a Sabicas. Conferencias, mesas redondas y conciertos acompa\u00f1an a cuatro grandes galas con guitarristas como Paco Jarana, Dani de Mor\u00f3n, Manuel Valencia y David de Arahal.<\/div>\n\t\t\t\t\t<div class=\"et_pb_button_wrapper\"><a class=\"et_pb_button et_pb_more_button\" href=\"https:\/\/www.madrid.org\/sumaflamenca\/2025\/guitarra\/index.html\">VER<\/a><\/div>\n\t\t\t\t<\/div>\n\t\t\t\n\t\t\t\t<\/div>\n\t\t\t<\/div><div class=\"et_pb_module dsm_card dsm_card_2 et_pb_bg_layout_light  dsm_card_layout_stacked\">\n\t\t\t\t\n\t\t\t\t\n\t\t\t\t\n\t\t\t\t\n\t\t\t\t\n\t\t\t\t\n\t\t\t\t<div class=\"et_pb_module_inner\">\n\t\t\t\t\t\n\t\t\t\n\t\t\t\n\t\t\t<div class=\"et_pb_module dsm_card_wrapper et_pb_text_align_left\">\n\t\t\t\t\t\n\t\t\t\t\t<h4 class=\"dsm_card_title et_pb_module_header\">\u00bbXX<\/h4>\n\t\t\t\t\t<div class=\"dsm_card_subtitle\">\u00bbFESTIVAL<\/div>\n\t\t\t\t\t\n\t\t\t\t\t\n\t\t\t\t<\/div>\n\t\t\t\n\t\t\t\t<\/div>\n\t\t\t<\/div><\/p>","protected":false},"author":1,"featured_media":0,"parent":0,"menu_order":0,"comment_status":"closed","ping_status":"closed","template":"","meta":{"_acf_changed":false,"_et_pb_use_builder":"on","_et_pb_old_content":"<!-- wp:divi\/placeholder \/-->","_et_gb_content_width":"1280","footnotes":""},"class_list":["post-248128","page","type-page","status-publish","hentry"],"acf":[],"yoast_head":"<!-- This site is optimized with the Yoast SEO plugin v26.9 - https:\/\/yoast.com\/product\/yoast-seo-wordpress\/ -->\n<title>COMUNIDAD DE MADRID - En modo flamenco<\/title>\n<meta name=\"robots\" content=\"index, follow, max-snippet:-1, max-image-preview:large, max-video-preview:-1\" \/>\n<link rel=\"canonical\" href=\"https:\/\/revista.enmodoflamenco.com\/en\/comunidad-de-madrid\/\" \/>\n<meta property=\"og:locale\" content=\"en_US\" \/>\n<meta property=\"og:type\" content=\"article\" \/>\n<meta property=\"og:title\" content=\"COMUNIDAD DE MADRID - En modo flamenco\" \/>\n<meta property=\"og:description\" content=\"Your content goes here\" \/>\n<meta property=\"og:url\" content=\"https:\/\/revista.enmodoflamenco.com\/en\/comunidad-de-madrid\/\" \/>\n<meta property=\"og:site_name\" content=\"En modo flamenco\" \/>\n<meta property=\"article:publisher\" content=\"https:\/\/www.facebook.com\/revista.enmodoflamenco\/\" \/>\n<meta property=\"article:modified_time\" content=\"2026-01-02T16:47:13+00:00\" \/>\n<meta name=\"twitter:card\" content=\"summary_large_image\" \/>\n<script type=\"application\/ld+json\" class=\"yoast-schema-graph\">{\"@context\":\"https:\/\/schema.org\",\"@graph\":[{\"@type\":\"WebPage\",\"@id\":\"https:\/\/revista.enmodoflamenco.com\/comunidad-de-madrid\/\",\"url\":\"https:\/\/revista.enmodoflamenco.com\/comunidad-de-madrid\/\",\"name\":\"COMUNIDAD DE MADRID - En modo flamenco\",\"isPartOf\":{\"@id\":\"https:\/\/revista.enmodoflamenco.com\/#website\"},\"datePublished\":\"2025-04-25T20:12:23+00:00\",\"dateModified\":\"2026-01-02T16:47:13+00:00\",\"breadcrumb\":{\"@id\":\"https:\/\/revista.enmodoflamenco.com\/comunidad-de-madrid\/#breadcrumb\"},\"inLanguage\":\"en-US\",\"potentialAction\":[{\"@type\":\"ReadAction\",\"target\":[\"https:\/\/revista.enmodoflamenco.com\/comunidad-de-madrid\/\"]}]},{\"@type\":\"BreadcrumbList\",\"@id\":\"https:\/\/revista.enmodoflamenco.com\/comunidad-de-madrid\/#breadcrumb\",\"itemListElement\":[{\"@type\":\"ListItem\",\"position\":1,\"name\":\"Zona privada\",\"item\":\"https:\/\/revista.enmodoflamenco.com\/\"},{\"@type\":\"ListItem\",\"position\":2,\"name\":\"COMUNIDAD DE MADRID\"}]},{\"@type\":\"WebSite\",\"@id\":\"https:\/\/revista.enmodoflamenco.com\/#website\",\"url\":\"https:\/\/revista.enmodoflamenco.com\/\",\"name\":\"revista.enmodoflamenco.com\",\"description\":\"Revista digital de actualidad y alta divulgaci\u00f3n de flamenco\",\"publisher\":{\"@id\":\"https:\/\/revista.enmodoflamenco.com\/#organization\"},\"alternateName\":\"revistaenmodoflamenco.com\",\"potentialAction\":[{\"@type\":\"SearchAction\",\"target\":{\"@type\":\"EntryPoint\",\"urlTemplate\":\"https:\/\/revista.enmodoflamenco.com\/?s={search_term_string}\"},\"query-input\":{\"@type\":\"PropertyValueSpecification\",\"valueRequired\":true,\"valueName\":\"search_term_string\"}}],\"inLanguage\":\"en-US\"},{\"@type\":\"Organization\",\"@id\":\"https:\/\/revista.enmodoflamenco.com\/#organization\",\"name\":\"revista.enmodoflamenco.com\",\"alternateName\":\"revistaenmodoflameco.com\",\"url\":\"https:\/\/revista.enmodoflamenco.com\/\",\"logo\":{\"@type\":\"ImageObject\",\"inLanguage\":\"en-US\",\"@id\":\"https:\/\/revista.enmodoflamenco.com\/#\/schema\/logo\/image\/\",\"url\":\"https:\/\/revista.enmodoflamenco.com\/wp-content\/uploads\/2024\/11\/En-modo-flamenco-02-scaled.jpg\",\"contentUrl\":\"https:\/\/revista.enmodoflamenco.com\/wp-content\/uploads\/2024\/11\/En-modo-flamenco-02-scaled.jpg\",\"width\":2560,\"height\":2560,\"caption\":\"revista.enmodoflamenco.com\"},\"image\":{\"@id\":\"https:\/\/revista.enmodoflamenco.com\/#\/schema\/logo\/image\/\"},\"sameAs\":[\"https:\/\/www.facebook.com\/revista.enmodoflamenco\/\",\"https:\/\/www.youtube.com\/@enmodoflamenco\"]}]}<\/script>\n<!-- \/ Yoast SEO plugin. -->","yoast_head_json":{"title":"COMUNIDAD DE MADRID - En modo flamenco","robots":{"index":"index","follow":"follow","max-snippet":"max-snippet:-1","max-image-preview":"max-image-preview:large","max-video-preview":"max-video-preview:-1"},"canonical":"https:\/\/revista.enmodoflamenco.com\/en\/comunidad-de-madrid\/","og_locale":"en_US","og_type":"article","og_title":"COMUNIDAD DE MADRID - En modo flamenco","og_description":"Your content goes here","og_url":"https:\/\/revista.enmodoflamenco.com\/en\/comunidad-de-madrid\/","og_site_name":"En modo flamenco","article_publisher":"https:\/\/www.facebook.com\/revista.enmodoflamenco\/","article_modified_time":"2026-01-02T16:47:13+00:00","twitter_card":"summary_large_image","schema":{"@context":"https:\/\/schema.org","@graph":[{"@type":"WebPage","@id":"https:\/\/revista.enmodoflamenco.com\/comunidad-de-madrid\/","url":"https:\/\/revista.enmodoflamenco.com\/comunidad-de-madrid\/","name":"COMUNIDAD DE MADRID - En modo flamenco","isPartOf":{"@id":"https:\/\/revista.enmodoflamenco.com\/#website"},"datePublished":"2025-04-25T20:12:23+00:00","dateModified":"2026-01-02T16:47:13+00:00","breadcrumb":{"@id":"https:\/\/revista.enmodoflamenco.com\/comunidad-de-madrid\/#breadcrumb"},"inLanguage":"en-US","potentialAction":[{"@type":"ReadAction","target":["https:\/\/revista.enmodoflamenco.com\/comunidad-de-madrid\/"]}]},{"@type":"BreadcrumbList","@id":"https:\/\/revista.enmodoflamenco.com\/comunidad-de-madrid\/#breadcrumb","itemListElement":[{"@type":"ListItem","position":1,"name":"Zona privada","item":"https:\/\/revista.enmodoflamenco.com\/"},{"@type":"ListItem","position":2,"name":"COMUNIDAD DE MADRID"}]},{"@type":"WebSite","@id":"https:\/\/revista.enmodoflamenco.com\/#website","url":"https:\/\/revista.enmodoflamenco.com\/","name":"revista.enmodoflamenco.com","description":"Revista digital de actualidad y alta divulgaci\u00f3n de flamenco","publisher":{"@id":"https:\/\/revista.enmodoflamenco.com\/#organization"},"alternateName":"revistaenmodoflamenco.com","potentialAction":[{"@type":"SearchAction","target":{"@type":"EntryPoint","urlTemplate":"https:\/\/revista.enmodoflamenco.com\/?s={search_term_string}"},"query-input":{"@type":"PropertyValueSpecification","valueRequired":true,"valueName":"search_term_string"}}],"inLanguage":"en-US"},{"@type":"Organization","@id":"https:\/\/revista.enmodoflamenco.com\/#organization","name":"revista.enmodoflamenco.com","alternateName":"revistaenmodoflameco.com","url":"https:\/\/revista.enmodoflamenco.com\/","logo":{"@type":"ImageObject","inLanguage":"en-US","@id":"https:\/\/revista.enmodoflamenco.com\/#\/schema\/logo\/image\/","url":"https:\/\/revista.enmodoflamenco.com\/wp-content\/uploads\/2024\/11\/En-modo-flamenco-02-scaled.jpg","contentUrl":"https:\/\/revista.enmodoflamenco.com\/wp-content\/uploads\/2024\/11\/En-modo-flamenco-02-scaled.jpg","width":2560,"height":2560,"caption":"revista.enmodoflamenco.com"},"image":{"@id":"https:\/\/revista.enmodoflamenco.com\/#\/schema\/logo\/image\/"},"sameAs":["https:\/\/www.facebook.com\/revista.enmodoflamenco\/","https:\/\/www.youtube.com\/@enmodoflamenco"]}]}},"_links":{"self":[{"href":"https:\/\/revista.enmodoflamenco.com\/en\/wp-json\/wp\/v2\/pages\/248128","targetHints":{"allow":["GET"]}}],"collection":[{"href":"https:\/\/revista.enmodoflamenco.com\/en\/wp-json\/wp\/v2\/pages"}],"about":[{"href":"https:\/\/revista.enmodoflamenco.com\/en\/wp-json\/wp\/v2\/types\/page"}],"author":[{"embeddable":true,"href":"https:\/\/revista.enmodoflamenco.com\/en\/wp-json\/wp\/v2\/users\/1"}],"replies":[{"embeddable":true,"href":"https:\/\/revista.enmodoflamenco.com\/en\/wp-json\/wp\/v2\/comments?post=248128"}],"version-history":[{"count":18,"href":"https:\/\/revista.enmodoflamenco.com\/en\/wp-json\/wp\/v2\/pages\/248128\/revisions"}],"predecessor-version":[{"id":4409069,"href":"https:\/\/revista.enmodoflamenco.com\/en\/wp-json\/wp\/v2\/pages\/248128\/revisions\/4409069"}],"wp:attachment":[{"href":"https:\/\/revista.enmodoflamenco.com\/en\/wp-json\/wp\/v2\/media?parent=248128"}],"curies":[{"name":"wp","href":"https:\/\/api.w.org\/{rel}","templated":true}]}}