{"id":246173,"date":"2025-01-24T15:54:09","date_gmt":"2025-01-24T15:54:09","guid":{"rendered":"https:\/\/revista.enmodoflamenco.com\/?page_id=246173"},"modified":"2026-02-21T12:43:36","modified_gmt":"2026-02-21T11:43:36","slug":"fuentes-para-la-investigacion","status":"publish","type":"page","link":"https:\/\/revista.enmodoflamenco.com\/en\/fuentes-para-la-investigacion\/","title":{"rendered":"Sources for research"},"content":{"rendered":"","protected":true},"excerpt":{"rendered":"","protected":true},"author":1,"featured_media":0,"parent":0,"menu_order":0,"comment_status":"closed","ping_status":"closed","template":"","meta":{"_acf_changed":false,"_et_pb_use_builder":"on","_et_pb_old_content":"","_et_gb_content_width":"1280","footnotes":""},"class_list":["post-246173","page","type-page","status-publish","post-password-required","hentry"],"acf":[],"yoast_head":"<!-- This site is optimized with the Yoast SEO plugin v27.4 - https:\/\/yoast.com\/product\/yoast-seo-wordpress\/ -->\n<title>Fuentes para la investigaci\u00f3n - En modo flamenco<\/title>\n<meta name=\"description\" content=\"Descubre recursos de investigaci\u00f3n sobre m\u00fasica flamenca y folclore: bibliotecas digitales, bases de datos y herramientas esenciales para investigadores especializados.\" \/>\n<meta name=\"robots\" content=\"index, follow, max-snippet:-1, max-image-preview:large, max-video-preview:-1\" \/>\n<link rel=\"canonical\" href=\"https:\/\/revista.enmodoflamenco.com\/en\/fuentes-para-la-investigacion\/\" \/>\n<meta property=\"og:locale\" content=\"en_US\" \/>\n<meta property=\"og:type\" content=\"article\" \/>\n<meta property=\"og:title\" content=\"Fuentes para la investigaci\u00f3n - En modo flamenco\" \/>\n<meta property=\"og:description\" content=\"Descubre recursos de investigaci\u00f3n sobre m\u00fasica flamenca y folclore: bibliotecas digitales, bases de datos y herramientas esenciales para investigadores especializados.\" \/>\n<meta property=\"og:url\" content=\"https:\/\/revista.enmodoflamenco.com\/en\/fuentes-para-la-investigacion\/\" \/>\n<meta property=\"og:site_name\" content=\"En modo flamenco\" \/>\n<meta property=\"article:publisher\" content=\"https:\/\/www.facebook.com\/revista.enmodoflamenco\/\" \/>\n<meta property=\"article:modified_time\" content=\"2026-02-21T11:43:36+00:00\" \/>\n<meta name=\"twitter:card\" content=\"summary_large_image\" \/>\n<meta name=\"twitter:label1\" content=\"Est. reading time\" \/>\n\t<meta name=\"twitter:data1\" content=\"2 minutes\" \/>\n<script type=\"application\/ld+json\" class=\"yoast-schema-graph\">{\"@context\":\"https:\\\/\\\/schema.org\",\"@graph\":[{\"@type\":\"WebPage\",\"@id\":\"https:\\\/\\\/revista.enmodoflamenco.com\\\/fuentes-para-la-investigacion\\\/\",\"url\":\"https:\\\/\\\/revista.enmodoflamenco.com\\\/fuentes-para-la-investigacion\\\/\",\"name\":\"Fuentes para la investigaci\u00f3n - En modo flamenco\",\"isPartOf\":{\"@id\":\"https:\\\/\\\/revista.enmodoflamenco.com\\\/#website\"},\"datePublished\":\"2025-01-24T15:54:09+00:00\",\"dateModified\":\"2026-02-21T11:43:36+00:00\",\"breadcrumb\":{\"@id\":\"https:\\\/\\\/revista.enmodoflamenco.com\\\/fuentes-para-la-investigacion\\\/#breadcrumb\"},\"inLanguage\":\"en-US\"},{\"@type\":\"WebSite\",\"@id\":\"https:\\\/\\\/revista.enmodoflamenco.com\\\/#website\",\"url\":\"https:\\\/\\\/revista.enmodoflamenco.com\\\/\",\"name\":\"revista.enmodoflamenco.com\",\"description\":\"Revista digital de actualidad y alta divulgaci\u00f3n de flamenco\",\"publisher\":{\"@id\":\"https:\\\/\\\/revista.enmodoflamenco.com\\\/#organization\"},\"alternateName\":\"revistaenmodoflamenco.com\",\"potentialAction\":[{\"@type\":\"SearchAction\",\"target\":{\"@type\":\"EntryPoint\",\"urlTemplate\":\"https:\\\/\\\/revista.enmodoflamenco.com\\\/?s={search_term_string}\"},\"query-input\":{\"@type\":\"PropertyValueSpecification\",\"valueRequired\":true,\"valueName\":\"search_term_string\"}}],\"inLanguage\":\"en-US\"},{\"@type\":\"Organization\",\"@id\":\"https:\\\/\\\/revista.enmodoflamenco.com\\\/#organization\",\"name\":\"revista.enmodoflamenco.com\",\"alternateName\":\"revistaenmodoflameco.com\",\"url\":\"https:\\\/\\\/revista.enmodoflamenco.com\\\/\",\"logo\":{\"@type\":\"ImageObject\",\"inLanguage\":\"en-US\",\"@id\":\"https:\\\/\\\/revista.enmodoflamenco.com\\\/#\\\/schema\\\/logo\\\/image\\\/\",\"url\":\"https:\\\/\\\/revista.enmodoflamenco.com\\\/wp-content\\\/uploads\\\/2024\\\/11\\\/En-modo-flamenco-02-scaled.jpg\",\"contentUrl\":\"https:\\\/\\\/revista.enmodoflamenco.com\\\/wp-content\\\/uploads\\\/2024\\\/11\\\/En-modo-flamenco-02-scaled.jpg\",\"width\":2560,\"height\":2560,\"caption\":\"revista.enmodoflamenco.com\"},\"image\":{\"@id\":\"https:\\\/\\\/revista.enmodoflamenco.com\\\/#\\\/schema\\\/logo\\\/image\\\/\"},\"sameAs\":[\"https:\\\/\\\/www.facebook.com\\\/revista.enmodoflamenco\\\/\",\"https:\\\/\\\/www.youtube.com\\\/@enmodoflamenco\"]}]}<\/script>\n<!-- \/ Yoast SEO plugin. -->","yoast_head_json":{"title":"Fuentes para la investigaci\u00f3n - En modo flamenco","description":"Descubre recursos de investigaci\u00f3n sobre m\u00fasica flamenca y folclore: bibliotecas digitales, bases de datos y herramientas esenciales para investigadores especializados.","robots":{"index":"index","follow":"follow","max-snippet":"max-snippet:-1","max-image-preview":"max-image-preview:large","max-video-preview":"max-video-preview:-1"},"canonical":"https:\/\/revista.enmodoflamenco.com\/en\/fuentes-para-la-investigacion\/","og_locale":"en_US","og_type":"article","og_title":"Fuentes para la investigaci\u00f3n - En modo flamenco","og_description":"Descubre recursos de investigaci\u00f3n sobre m\u00fasica flamenca y folclore: bibliotecas digitales, bases de datos y herramientas esenciales para investigadores especializados.","og_url":"https:\/\/revista.enmodoflamenco.com\/en\/fuentes-para-la-investigacion\/","og_site_name":"En modo flamenco","article_publisher":"https:\/\/www.facebook.com\/revista.enmodoflamenco\/","article_modified_time":"2026-02-21T11:43:36+00:00","twitter_card":"summary_large_image","twitter_misc":{"Est. reading time":"2 minutes"},"schema":{"@context":"https:\/\/schema.org","@graph":[{"@type":"WebPage","@id":"https:\/\/revista.enmodoflamenco.com\/fuentes-para-la-investigacion\/","url":"https:\/\/revista.enmodoflamenco.com\/fuentes-para-la-investigacion\/","name":"Fuentes para la investigaci\u00f3n - En modo flamenco","isPartOf":{"@id":"https:\/\/revista.enmodoflamenco.com\/#website"},"datePublished":"2025-01-24T15:54:09+00:00","dateModified":"2026-02-21T11:43:36+00:00","breadcrumb":{"@id":"https:\/\/revista.enmodoflamenco.com\/fuentes-para-la-investigacion\/#breadcrumb"},"inLanguage":"en-US"},{"@type":"WebSite","@id":"https:\/\/revista.enmodoflamenco.com\/#website","url":"https:\/\/revista.enmodoflamenco.com\/","name":"revista.enmodoflamenco.com","description":"Revista digital de actualidad y alta divulgaci\u00f3n de flamenco","publisher":{"@id":"https:\/\/revista.enmodoflamenco.com\/#organization"},"alternateName":"revistaenmodoflamenco.com","potentialAction":[{"@type":"SearchAction","target":{"@type":"EntryPoint","urlTemplate":"https:\/\/revista.enmodoflamenco.com\/?s={search_term_string}"},"query-input":{"@type":"PropertyValueSpecification","valueRequired":true,"valueName":"search_term_string"}}],"inLanguage":"en-US"},{"@type":"Organization","@id":"https:\/\/revista.enmodoflamenco.com\/#organization","name":"revista.enmodoflamenco.com","alternateName":"revistaenmodoflameco.com","url":"https:\/\/revista.enmodoflamenco.com\/","logo":{"@type":"ImageObject","inLanguage":"en-US","@id":"https:\/\/revista.enmodoflamenco.com\/#\/schema\/logo\/image\/","url":"https:\/\/revista.enmodoflamenco.com\/wp-content\/uploads\/2024\/11\/En-modo-flamenco-02-scaled.jpg","contentUrl":"https:\/\/revista.enmodoflamenco.com\/wp-content\/uploads\/2024\/11\/En-modo-flamenco-02-scaled.jpg","width":2560,"height":2560,"caption":"revista.enmodoflamenco.com"},"image":{"@id":"https:\/\/revista.enmodoflamenco.com\/#\/schema\/logo\/image\/"},"sameAs":["https:\/\/www.facebook.com\/revista.enmodoflamenco\/","https:\/\/www.youtube.com\/@enmodoflamenco"]}]}},"_links":{"self":[{"href":"https:\/\/revista.enmodoflamenco.com\/en\/wp-json\/wp\/v2\/pages\/246173","targetHints":{"allow":["GET"]}}],"collection":[{"href":"https:\/\/revista.enmodoflamenco.com\/en\/wp-json\/wp\/v2\/pages"}],"about":[{"href":"https:\/\/revista.enmodoflamenco.com\/en\/wp-json\/wp\/v2\/types\/page"}],"author":[{"embeddable":true,"href":"https:\/\/revista.enmodoflamenco.com\/en\/wp-json\/wp\/v2\/users\/1"}],"replies":[{"embeddable":true,"href":"https:\/\/revista.enmodoflamenco.com\/en\/wp-json\/wp\/v2\/comments?post=246173"}],"version-history":[{"count":12,"href":"https:\/\/revista.enmodoflamenco.com\/en\/wp-json\/wp\/v2\/pages\/246173\/revisions"}],"predecessor-version":[{"id":4397711,"href":"https:\/\/revista.enmodoflamenco.com\/en\/wp-json\/wp\/v2\/pages\/246173\/revisions\/4397711"}],"wp:attachment":[{"href":"https:\/\/revista.enmodoflamenco.com\/en\/wp-json\/wp\/v2\/media?parent=246173"}],"curies":[{"name":"wp","href":"https:\/\/api.w.org\/{rel}","templated":true}]}}